{"id":520,"date":"2024-12-15T04:34:42","date_gmt":"2024-12-15T04:34:42","guid":{"rendered":"https:\/\/avmserviceman.hu\/?page_id=520"},"modified":"2024-12-15T04:39:28","modified_gmt":"2024-12-15T04:39:28","slug":"ajce-kiegeszitok","status":"publish","type":"page","link":"https:\/\/avmserviceman.hu\/hu_hu\/ajce-kiegeszitok\/","title":{"rendered":"AJCE kieg\u00e9sz\u00edt\u0151k"},"content":{"rendered":"\t\t<div data-elementor-type=\"wp-page\" data-elementor-id=\"520\" class=\"elementor elementor-520\" data-elementor-post-type=\"page\">\n\t\t\t\t<div class=\"elementor-element elementor-element-811e61b e-flex e-con-boxed e-con e-parent\" data-id=\"811e61b\" data-element_type=\"container\" data-e-type=\"container\">\n\t\t\t\t\t<div class=\"e-con-inner\">\n\t\t\t\t<div class=\"elementor-element elementor-element-a5b5edf elementor-widget elementor-widget-heading\" data-id=\"a5b5edf\" data-element_type=\"widget\" data-e-type=\"widget\" data-widget_type=\"heading.default\">\n\t\t\t\t<div class=\"elementor-widget-container\">\n\t\t\t\t\t<h1 class=\"elementor-heading-title elementor-size-default\">AJCE kieg\u00e9sz\u00edt\u0151k<\/h1>\t\t\t\t<\/div>\n\t\t\t\t<\/div>\n\t\t\t\t<div class=\"elementor-element elementor-element-f89fb5b elementor-widget elementor-widget-heading\" data-id=\"f89fb5b\" data-element_type=\"widget\" data-e-type=\"widget\" data-widget_type=\"heading.default\">\n\t\t\t\t<div class=\"elementor-widget-container\">\n\t\t\t\t\t<h2 class=\"elementor-heading-title elementor-size-default\">AVM Serviceman Kft.<\/h2>\t\t\t\t<\/div>\n\t\t\t\t<\/div>\n\t\t\t\t<div class=\"elementor-element elementor-element-46f0543 elementor-widget-divider--view-line elementor-widget elementor-widget-divider\" data-id=\"46f0543\" data-element_type=\"widget\" data-e-type=\"widget\" data-widget_type=\"divider.default\">\n\t\t\t\t<div class=\"elementor-widget-container\">\n\t\t\t\t\t\t\t<div class=\"elementor-divider\">\n\t\t\t<span class=\"elementor-divider-separator\">\n\t\t\t\t\t\t<\/span>\n\t\t<\/div>\n\t\t\t\t\t\t<\/div>\n\t\t\t\t<\/div>\n\t\t\t\t\t<\/div>\n\t\t\t\t<\/div>\n\t\t<div class=\"elementor-element elementor-element-889d67f e-flex e-con-boxed e-con e-parent\" data-id=\"889d67f\" data-element_type=\"container\" data-e-type=\"container\">\n\t\t\t\t\t<div class=\"e-con-inner\">\n\t\t\t\t<div class=\"elementor-element elementor-element-3b403a5 elementor-widget elementor-widget-uael-posts\" data-id=\"3b403a5\" data-element_type=\"widget\" data-e-type=\"widget\" data-settings=\"{&quot;card_slides_to_show&quot;:3,&quot;card_slides_to_show_tablet&quot;:2,&quot;card_slides_to_show_mobile&quot;:1,&quot;card_pagination_type&quot;:&quot;ajax&quot;,&quot;card_show_filters&quot;:&quot;no&quot;}\" data-widget_type=\"uael-posts.card\">\n\t\t\t\t<div class=\"elementor-widget-container\">\n\t\t\t\t\t\t\t<div class=\"uael-post__header\">\n\t\t\t\t\t<\/div>\n\t\t<div class=\"uael-post__body\">\n\t\t\t\n\t\t\n\t\t<div class=\"uael-post-grid uael-posts\" data-query-type=\"custom\" data-structure=\"normal\" data-layout=\"\" data-page=\"520\" data-skin=\"card\" data-filter-default=\"\" data-offset-top=\"30\" >\n\n\t\t\t\t\t\t\t<div class=\"uael-post-grid__inner uael-post__columns-3 uael-post__columns-tablet-2 uael-post__columns-mobile-1\">\n\t\t\t\n<div class=\"uael-post-wrapper   ajce-kieg\u00e9sz\u00edt\u0151k \">\n\t<div class=\"uael-post__bg-wrap\">\n\n\t\t\t\t\n\t\t<div class=\"uael-post__inner-wrap \">\n\n\t\t\t\t<div class=\"uael-post__thumbnail\">\n\t\t\t\n\t\t\t<a href=\"https:\/\/avmserviceman.hu\/hu_hu\/ajce-crusher-multi-processor\/\" target=\"_self\" title=\"AJCE Crusher Multi Processor\"><img fetchpriority=\"high\" decoding=\"async\" width=\"400\" height=\"400\" src=\"https:\/\/avmserviceman.hu\/wp-content\/uploads\/2024\/12\/parts04.jpg\" class=\"attachment-full size-full wp-image-490\" alt=\"\" srcset=\"https:\/\/avmserviceman.hu\/wp-content\/uploads\/2024\/12\/parts04.jpg 400w, https:\/\/avmserviceman.hu\/wp-content\/uploads\/2024\/12\/parts04-300x300.jpg 300w, https:\/\/avmserviceman.hu\/wp-content\/uploads\/2024\/12\/parts04-150x150.jpg 150w, https:\/\/avmserviceman.hu\/wp-content\/uploads\/2024\/12\/parts04-12x12.jpg 12w\" sizes=\"(max-width: 400px) 100vw, 400px\" \/><\/a>\n\t\t\t\t\t<\/div>\n\t\t\n\t\t\t\n\t\t\t<div class=\"uael-post__content-wrap\">\n\n\t\t\t\t\t<h4 class=\"uael-post__title\">\n\n\t\t\n\t\t\t\t\t\t<a href=\"https:\/\/avmserviceman.hu\/hu_hu\/ajce-crusher-multi-processor\/\" target=\"_self\">\n\t\t\t\tAJCE Crusher Multi Processor\t\t\t<\/a>\n\n\t\t\t\t<\/h4>\n\t\t<div class=\"uael-post__separator\"><\/div>\n\t\t<div class=\"uael-post__excerpt\">\n\t\t\tAJCE Demolition and Sorting Grab AVM Serviceman Kft.\t\t<\/div>\n\n\t\t\t\t\t<a class=\"uael-post__read-more elementor-button\" href=\"https:\/\/avmserviceman.hu\/hu_hu\/ajce-crusher-multi-processor\/\" target=\"_self\" aria-labelledby=\"uael-post-488\">\n\t\t\t\t\t<span class=\"elementor-button-content-wrapper\">\n\t\t\t\t\t\t\t\t\t\t\t\t\t\t<span class=\"elementor-button-icon elementor-align-icon-left\">\n\n\t\t\t\t\t\t\t\t\t\n\t\t\t\t\t\t\t\t<\/span>\n\t\t\t\t\t\t\t\t\t\t\t\t\t\n\t\t\t\t\t\t<span class=\"elementor-button-text\" id=uael-post-488>\u00c9rdekel \u2192<\/span>\n\t\t\t\t\t<\/span>\n\t\t\t\t<\/a>\n\t\t\t\t\t\t<\/div>\n\t\t\t\n\t\t<\/div>\n\t\t\n\t<\/div>\n\n<\/div>\n\n<div class=\"uael-post-wrapper   ajce-kieg\u00e9sz\u00edt\u0151k \">\n\t<div class=\"uael-post__bg-wrap\">\n\n\t\t\t\t\n\t\t<div class=\"uael-post__inner-wrap \">\n\n\t\t\t\t<div class=\"uael-post__thumbnail\">\n\t\t\t\n\t\t\t<a href=\"https:\/\/avmserviceman.hu\/hu_hu\/ajce-demolition-and-sorting-grab\/\" target=\"_self\" title=\"AJCE Demolition and Sorting Grab\"><img decoding=\"async\" width=\"400\" height=\"400\" src=\"https:\/\/avmserviceman.hu\/wp-content\/uploads\/2024\/12\/parts03.jpg\" class=\"attachment-full size-full wp-image-482\" alt=\"\" srcset=\"https:\/\/avmserviceman.hu\/wp-content\/uploads\/2024\/12\/parts03.jpg 400w, https:\/\/avmserviceman.hu\/wp-content\/uploads\/2024\/12\/parts03-300x300.jpg 300w, https:\/\/avmserviceman.hu\/wp-content\/uploads\/2024\/12\/parts03-150x150.jpg 150w, https:\/\/avmserviceman.hu\/wp-content\/uploads\/2024\/12\/parts03-12x12.jpg 12w\" sizes=\"(max-width: 400px) 100vw, 400px\" \/><\/a>\n\t\t\t\t\t<\/div>\n\t\t\n\t\t\t\n\t\t\t<div class=\"uael-post__content-wrap\">\n\n\t\t\t\t\t<h4 class=\"uael-post__title\">\n\n\t\t\n\t\t\t\t\t\t<a href=\"https:\/\/avmserviceman.hu\/hu_hu\/ajce-demolition-and-sorting-grab\/\" target=\"_self\">\n\t\t\t\tAJCE Demolition and Sorting Grab\t\t\t<\/a>\n\n\t\t\t\t<\/h4>\n\t\t<div class=\"uael-post__separator\"><\/div>\n\t\t<div class=\"uael-post__excerpt\">\n\t\t\tAJCE Demolition and Sorting Grab AVM Serviceman Kft.\t\t<\/div>\n\n\t\t\t\t\t<a class=\"uael-post__read-more elementor-button\" href=\"https:\/\/avmserviceman.hu\/hu_hu\/ajce-demolition-and-sorting-grab\/\" target=\"_self\" aria-labelledby=\"uael-post-477\">\n\t\t\t\t\t<span class=\"elementor-button-content-wrapper\">\n\t\t\t\t\t\t\t\t\t\t\t\t\t\t<span class=\"elementor-button-icon elementor-align-icon-left\">\n\n\t\t\t\t\t\t\t\t\t\n\t\t\t\t\t\t\t\t<\/span>\n\t\t\t\t\t\t\t\t\t\t\t\t\t\n\t\t\t\t\t\t<span class=\"elementor-button-text\" id=uael-post-477>\u00c9rdekel \u2192<\/span>\n\t\t\t\t\t<\/span>\n\t\t\t\t<\/a>\n\t\t\t\t\t\t<\/div>\n\t\t\t\n\t\t<\/div>\n\t\t\n\t<\/div>\n\n<\/div>\n\n<div class=\"uael-post-wrapper   ajce-kieg\u00e9sz\u00edt\u0151k \">\n\t<div class=\"uael-post__bg-wrap\">\n\n\t\t\t\t\n\t\t<div class=\"uael-post__inner-wrap \">\n\n\t\t\t\t<div class=\"uael-post__thumbnail\">\n\t\t\t\n\t\t\t<a href=\"https:\/\/avmserviceman.hu\/hu_hu\/ajce-mini-shear\/\" target=\"_self\" title=\"AJCE Mini Shear\"><img decoding=\"async\" width=\"400\" height=\"400\" src=\"https:\/\/avmserviceman.hu\/wp-content\/uploads\/2024\/12\/parts02.jpg\" class=\"attachment-full size-full wp-image-464\" alt=\"\" srcset=\"https:\/\/avmserviceman.hu\/wp-content\/uploads\/2024\/12\/parts02.jpg 400w, https:\/\/avmserviceman.hu\/wp-content\/uploads\/2024\/12\/parts02-300x300.jpg 300w, https:\/\/avmserviceman.hu\/wp-content\/uploads\/2024\/12\/parts02-150x150.jpg 150w, https:\/\/avmserviceman.hu\/wp-content\/uploads\/2024\/12\/parts02-12x12.jpg 12w\" sizes=\"(max-width: 400px) 100vw, 400px\" \/><\/a>\n\t\t\t\t\t<\/div>\n\t\t\n\t\t\t\n\t\t\t<div class=\"uael-post__content-wrap\">\n\n\t\t\t\t\t<h4 class=\"uael-post__title\">\n\n\t\t\n\t\t\t\t\t\t<a href=\"https:\/\/avmserviceman.hu\/hu_hu\/ajce-mini-shear\/\" target=\"_self\">\n\t\t\t\tAJCE Mini Shear\t\t\t<\/a>\n\n\t\t\t\t<\/h4>\n\t\t<div class=\"uael-post__separator\"><\/div>\n\t\t<div class=\"uael-post__excerpt\">\n\t\t\tAJCE Mini Shear AVM Serviceman Kft.\t\t<\/div>\n\n\t\t\t\t\t<a class=\"uael-post__read-more elementor-button\" href=\"https:\/\/avmserviceman.hu\/hu_hu\/ajce-mini-shear\/\" target=\"_self\" aria-labelledby=\"uael-post-461\">\n\t\t\t\t\t<span class=\"elementor-button-content-wrapper\">\n\t\t\t\t\t\t\t\t\t\t\t\t\t\t<span class=\"elementor-button-icon elementor-align-icon-left\">\n\n\t\t\t\t\t\t\t\t\t\n\t\t\t\t\t\t\t\t<\/span>\n\t\t\t\t\t\t\t\t\t\t\t\t\t\n\t\t\t\t\t\t<span class=\"elementor-button-text\" id=uael-post-461>\u00c9rdekel \u2192<\/span>\n\t\t\t\t\t<\/span>\n\t\t\t\t<\/a>\n\t\t\t\t\t\t<\/div>\n\t\t\t\n\t\t<\/div>\n\t\t\n\t<\/div>\n\n<\/div>\n\n<div class=\"uael-post-wrapper   ajce-kieg\u00e9sz\u00edt\u0151k \">\n\t<div class=\"uael-post__bg-wrap\">\n\n\t\t\t\t\n\t\t<div class=\"uael-post__inner-wrap \">\n\n\t\t\t\t<div class=\"uael-post__thumbnail\">\n\t\t\t\n\t\t\t<a href=\"https:\/\/avmserviceman.hu\/hu_hu\/ajce-mini-crusher\/\" target=\"_self\" title=\"AJCE Mini Crusher\"><img loading=\"lazy\" decoding=\"async\" width=\"400\" height=\"400\" src=\"https:\/\/avmserviceman.hu\/wp-content\/uploads\/2024\/12\/acr30-2.jpg\" class=\"attachment-full size-full wp-image-451\" alt=\"\" srcset=\"https:\/\/avmserviceman.hu\/wp-content\/uploads\/2024\/12\/acr30-2.jpg 400w, https:\/\/avmserviceman.hu\/wp-content\/uploads\/2024\/12\/acr30-2-300x300.jpg 300w, https:\/\/avmserviceman.hu\/wp-content\/uploads\/2024\/12\/acr30-2-150x150.jpg 150w, https:\/\/avmserviceman.hu\/wp-content\/uploads\/2024\/12\/acr30-2-12x12.jpg 12w\" sizes=\"(max-width: 400px) 100vw, 400px\" \/><\/a>\n\t\t\t\t\t<\/div>\n\t\t\n\t\t\t\n\t\t\t<div class=\"uael-post__content-wrap\">\n\n\t\t\t\t\t<h4 class=\"uael-post__title\">\n\n\t\t\n\t\t\t\t\t\t<a href=\"https:\/\/avmserviceman.hu\/hu_hu\/ajce-mini-crusher\/\" target=\"_self\">\n\t\t\t\tAJCE Mini Crusher\t\t\t<\/a>\n\n\t\t\t\t<\/h4>\n\t\t<div class=\"uael-post__separator\"><\/div>\n\t\t<div class=\"uael-post__excerpt\">\n\t\t\tAJCE Mini Crusher AVM Serviceman Kft.\t\t<\/div>\n\n\t\t\t\t\t<a class=\"uael-post__read-more elementor-button\" href=\"https:\/\/avmserviceman.hu\/hu_hu\/ajce-mini-crusher\/\" target=\"_self\" aria-labelledby=\"uael-post-453\">\n\t\t\t\t\t<span class=\"elementor-button-content-wrapper\">\n\t\t\t\t\t\t\t\t\t\t\t\t\t\t<span class=\"elementor-button-icon elementor-align-icon-left\">\n\n\t\t\t\t\t\t\t\t\t\n\t\t\t\t\t\t\t\t<\/span>\n\t\t\t\t\t\t\t\t\t\t\t\t\t\n\t\t\t\t\t\t<span class=\"elementor-button-text\" id=uael-post-453>\u00c9rdekel \u2192<\/span>\n\t\t\t\t\t<\/span>\n\t\t\t\t<\/a>\n\t\t\t\t\t\t<\/div>\n\t\t\t\n\t\t<\/div>\n\t\t\n\t<\/div>\n\n<\/div>\n\t\t\t\t<\/div>\n\t\t\t\t\t\t\n\t\t<\/div>\n\n\t\t\t\t\t\t<\/div>\n\t\t<div class=\"uael-post__footer\">\n\t\t\t\t\t<\/div>\n\t\t\t\t\t\t<\/div>\n\t\t\t\t<\/div>\n\t\t\t\t\t<\/div>\n\t\t\t\t<\/div>\n\t\t\t\t<\/div>\n\t\t","protected":false},"excerpt":{"rendered":"<p>AJCE kieg\u00e9sz\u00edt\u0151k AVM Serviceman Kft. AJCE Vibrating Plate Compactor AJCE Mini Shear AVM Serviceman Kft. \u00c9rdekel \u2192 AJCE Hydraulic Pulverizer AJCE Hydraulic Pulverizer AVM Serviceman Kft. \u00c9rdekel \u2192 AJCE Quick Jaw Multi Processor AJCE Demolition and Sorting Grab AVM Serviceman Kft. \u00c9rdekel \u2192 AJCE Crusher Multi Processor AJCE Demolition and Sorting Grab AVM Serviceman Kft. [&hellip;]<\/p>\n","protected":false},"author":1,"featured_media":0,"parent":0,"menu_order":0,"comment_status":"closed","ping_status":"closed","template":"","meta":{"footnotes":""},"class_list":["post-520","page","type-page","status-publish","hentry"],"yoast_head":"<!-- This site is optimized with the Yoast SEO Premium plugin v27.2 (Yoast SEO v27.2) - https:\/\/yoast.com\/product\/yoast-seo-premium-wordpress\/ -->\n<title>AJCE kieg\u00e9sz\u00edt\u0151k - AVM Serviceman Kft.<\/title>\n<meta name=\"robots\" content=\"index, follow, max-snippet:-1, max-image-preview:large, max-video-preview:-1\" \/>\n<link rel=\"canonical\" href=\"https:\/\/avmserviceman.hu\/hu_hu\/ajce-kiegeszitok\/\" \/>\n<meta property=\"og:locale\" content=\"hu_HU\" \/>\n<meta property=\"og:type\" content=\"article\" \/>\n<meta property=\"og:title\" content=\"AJCE kieg\u00e9sz\u00edt\u0151k\" \/>\n<meta property=\"og:description\" content=\"AJCE kieg\u00e9sz\u00edt\u0151k AVM Serviceman Kft. AJCE Vibrating Plate Compactor AJCE Mini Shear AVM Serviceman Kft. \u00c9rdekel \u2192 AJCE Hydraulic Pulverizer AJCE Hydraulic Pulverizer AVM Serviceman Kft. \u00c9rdekel \u2192 AJCE Quick Jaw Multi Processor AJCE Demolition and Sorting Grab AVM Serviceman Kft. \u00c9rdekel \u2192 AJCE Crusher Multi Processor AJCE Demolition and Sorting Grab AVM Serviceman Kft. [&hellip;]\" \/>\n<meta property=\"og:url\" content=\"https:\/\/avmserviceman.hu\/hu_hu\/ajce-kiegeszitok\/\" \/>\n<meta property=\"og:site_name\" content=\"AVM Serviceman Kft.\" \/>\n<meta property=\"article:publisher\" content=\"https:\/\/www.facebook.com\/avmserviceman.hu\" \/>\n<meta property=\"article:modified_time\" content=\"2024-12-15T04:39:28+00:00\" \/>\n<meta property=\"og:image\" content=\"https:\/\/avmserviceman.hu\/wp-content\/uploads\/2024\/12\/parts07.jpg\" \/>\n<meta name=\"twitter:card\" content=\"summary_large_image\" \/>\n<meta name=\"twitter:label1\" content=\"Becs\u00fclt olvas\u00e1si id\u0151\" \/>\n\t<meta name=\"twitter:data1\" content=\"2 perc\" \/>\n<script type=\"application\/ld+json\" class=\"yoast-schema-graph\">{\"@context\":\"https:\/\/schema.org\",\"@graph\":[{\"@type\":\"WebPage\",\"@id\":\"https:\/\/avmserviceman.hu\/ajce-kiegeszitok\/\",\"url\":\"https:\/\/avmserviceman.hu\/ajce-kiegeszitok\/\",\"name\":\"AJCE kieg\u00e9sz\u00edt\u0151k - AVM Serviceman Kft.\",\"isPartOf\":{\"@id\":\"https:\/\/avmserviceman.hu\/hu_hu\/#website\"},\"primaryImageOfPage\":{\"@id\":\"https:\/\/avmserviceman.hu\/ajce-kiegeszitok\/#primaryimage\"},\"image\":{\"@id\":\"https:\/\/avmserviceman.hu\/ajce-kiegeszitok\/#primaryimage\"},\"thumbnailUrl\":\"https:\/\/avmserviceman.hu\/wp-content\/uploads\/2024\/12\/parts07.jpg\",\"datePublished\":\"2024-12-15T04:34:42+00:00\",\"dateModified\":\"2024-12-15T04:39:28+00:00\",\"breadcrumb\":{\"@id\":\"https:\/\/avmserviceman.hu\/ajce-kiegeszitok\/#breadcrumb\"},\"inLanguage\":\"hu\",\"potentialAction\":[{\"@type\":\"ReadAction\",\"target\":[\"https:\/\/avmserviceman.hu\/ajce-kiegeszitok\/\"]}]},{\"@type\":\"ImageObject\",\"inLanguage\":\"hu\",\"@id\":\"https:\/\/avmserviceman.hu\/ajce-kiegeszitok\/#primaryimage\",\"url\":\"https:\/\/avmserviceman.hu\/wp-content\/uploads\/2024\/12\/parts07.jpg\",\"contentUrl\":\"https:\/\/avmserviceman.hu\/wp-content\/uploads\/2024\/12\/parts07.jpg\"},{\"@type\":\"BreadcrumbList\",\"@id\":\"https:\/\/avmserviceman.hu\/ajce-kiegeszitok\/#breadcrumb\",\"itemListElement\":[{\"@type\":\"ListItem\",\"position\":1,\"name\":\"Kezd\u0151lap\",\"item\":\"https:\/\/avmserviceman.hu\/\"},{\"@type\":\"ListItem\",\"position\":2,\"name\":\"AJCE kieg\u00e9sz\u00edt\u0151k\"}]},{\"@type\":\"WebSite\",\"@id\":\"https:\/\/avmserviceman.hu\/hu_hu\/#website\",\"url\":\"https:\/\/avmserviceman.hu\/hu_hu\/\",\"name\":\"AVM Serviceman Kft.\",\"description\":\"\",\"publisher\":{\"@id\":\"https:\/\/avmserviceman.hu\/hu_hu\/#organization\"},\"potentialAction\":[{\"@type\":\"SearchAction\",\"target\":{\"@type\":\"EntryPoint\",\"urlTemplate\":\"https:\/\/avmserviceman.hu\/hu_hu\/?s={search_term_string}\"},\"query-input\":{\"@type\":\"PropertyValueSpecification\",\"valueRequired\":true,\"valueName\":\"search_term_string\"}}],\"inLanguage\":\"hu\"},{\"@type\":\"Organization\",\"@id\":\"https:\/\/avmserviceman.hu\/hu_hu\/#organization\",\"name\":\"AVM Serviceman Kft.\",\"url\":\"https:\/\/avmserviceman.hu\/hu_hu\/\",\"logo\":{\"@type\":\"ImageObject\",\"inLanguage\":\"hu\",\"@id\":\"https:\/\/avmserviceman.hu\/hu_hu\/#\/schema\/logo\/image\/\",\"url\":\"https:\/\/avmserviceman.hu\/wp-content\/uploads\/2024\/12\/logo.png\",\"contentUrl\":\"https:\/\/avmserviceman.hu\/wp-content\/uploads\/2024\/12\/logo.png\",\"width\":228,\"height\":115,\"caption\":\"AVM Serviceman Kft.\"},\"image\":{\"@id\":\"https:\/\/avmserviceman.hu\/hu_hu\/#\/schema\/logo\/image\/\"},\"sameAs\":[\"https:\/\/www.facebook.com\/avmserviceman.hu\"]}]}<\/script>\n<!-- \/ Yoast SEO Premium plugin. -->","yoast_head_json":{"title":"AJCE kieg\u00e9sz\u00edt\u0151k - AVM Serviceman Kft.","robots":{"index":"index","follow":"follow","max-snippet":"max-snippet:-1","max-image-preview":"max-image-preview:large","max-video-preview":"max-video-preview:-1"},"canonical":"https:\/\/avmserviceman.hu\/hu_hu\/ajce-kiegeszitok\/","og_locale":"hu_HU","og_type":"article","og_title":"AJCE kieg\u00e9sz\u00edt\u0151k","og_description":"AJCE kieg\u00e9sz\u00edt\u0151k AVM Serviceman Kft. AJCE Vibrating Plate Compactor AJCE Mini Shear AVM Serviceman Kft. \u00c9rdekel \u2192 AJCE Hydraulic Pulverizer AJCE Hydraulic Pulverizer AVM Serviceman Kft. \u00c9rdekel \u2192 AJCE Quick Jaw Multi Processor AJCE Demolition and Sorting Grab AVM Serviceman Kft. \u00c9rdekel \u2192 AJCE Crusher Multi Processor AJCE Demolition and Sorting Grab AVM Serviceman Kft. [&hellip;]","og_url":"https:\/\/avmserviceman.hu\/hu_hu\/ajce-kiegeszitok\/","og_site_name":"AVM Serviceman Kft.","article_publisher":"https:\/\/www.facebook.com\/avmserviceman.hu","article_modified_time":"2024-12-15T04:39:28+00:00","og_image":[{"url":"https:\/\/avmserviceman.hu\/wp-content\/uploads\/2024\/12\/parts07.jpg","type":"","width":"","height":""}],"twitter_card":"summary_large_image","twitter_misc":{"Becs\u00fclt olvas\u00e1si id\u0151":"2 perc"},"schema":{"@context":"https:\/\/schema.org","@graph":[{"@type":"WebPage","@id":"https:\/\/avmserviceman.hu\/ajce-kiegeszitok\/","url":"https:\/\/avmserviceman.hu\/ajce-kiegeszitok\/","name":"AJCE kieg\u00e9sz\u00edt\u0151k - AVM Serviceman Kft.","isPartOf":{"@id":"https:\/\/avmserviceman.hu\/hu_hu\/#website"},"primaryImageOfPage":{"@id":"https:\/\/avmserviceman.hu\/ajce-kiegeszitok\/#primaryimage"},"image":{"@id":"https:\/\/avmserviceman.hu\/ajce-kiegeszitok\/#primaryimage"},"thumbnailUrl":"https:\/\/avmserviceman.hu\/wp-content\/uploads\/2024\/12\/parts07.jpg","datePublished":"2024-12-15T04:34:42+00:00","dateModified":"2024-12-15T04:39:28+00:00","breadcrumb":{"@id":"https:\/\/avmserviceman.hu\/ajce-kiegeszitok\/#breadcrumb"},"inLanguage":"hu","potentialAction":[{"@type":"ReadAction","target":["https:\/\/avmserviceman.hu\/ajce-kiegeszitok\/"]}]},{"@type":"ImageObject","inLanguage":"hu","@id":"https:\/\/avmserviceman.hu\/ajce-kiegeszitok\/#primaryimage","url":"https:\/\/avmserviceman.hu\/wp-content\/uploads\/2024\/12\/parts07.jpg","contentUrl":"https:\/\/avmserviceman.hu\/wp-content\/uploads\/2024\/12\/parts07.jpg"},{"@type":"BreadcrumbList","@id":"https:\/\/avmserviceman.hu\/ajce-kiegeszitok\/#breadcrumb","itemListElement":[{"@type":"ListItem","position":1,"name":"Kezd\u0151lap","item":"https:\/\/avmserviceman.hu\/"},{"@type":"ListItem","position":2,"name":"AJCE kieg\u00e9sz\u00edt\u0151k"}]},{"@type":"WebSite","@id":"https:\/\/avmserviceman.hu\/hu_hu\/#website","url":"https:\/\/avmserviceman.hu\/hu_hu\/","name":"AVM Serviceman Kft.","description":"","publisher":{"@id":"https:\/\/avmserviceman.hu\/hu_hu\/#organization"},"potentialAction":[{"@type":"SearchAction","target":{"@type":"EntryPoint","urlTemplate":"https:\/\/avmserviceman.hu\/hu_hu\/?s={search_term_string}"},"query-input":{"@type":"PropertyValueSpecification","valueRequired":true,"valueName":"search_term_string"}}],"inLanguage":"hu"},{"@type":"Organization","@id":"https:\/\/avmserviceman.hu\/hu_hu\/#organization","name":"AVM Serviceman Kft.","url":"https:\/\/avmserviceman.hu\/hu_hu\/","logo":{"@type":"ImageObject","inLanguage":"hu","@id":"https:\/\/avmserviceman.hu\/hu_hu\/#\/schema\/logo\/image\/","url":"https:\/\/avmserviceman.hu\/wp-content\/uploads\/2024\/12\/logo.png","contentUrl":"https:\/\/avmserviceman.hu\/wp-content\/uploads\/2024\/12\/logo.png","width":228,"height":115,"caption":"AVM Serviceman Kft."},"image":{"@id":"https:\/\/avmserviceman.hu\/hu_hu\/#\/schema\/logo\/image\/"},"sameAs":["https:\/\/www.facebook.com\/avmserviceman.hu"]}]}},"_links":{"self":[{"href":"https:\/\/avmserviceman.hu\/hu_hu\/wp-json\/wp\/v2\/pages\/520","targetHints":{"allow":["GET"]}}],"collection":[{"href":"https:\/\/avmserviceman.hu\/hu_hu\/wp-json\/wp\/v2\/pages"}],"about":[{"href":"https:\/\/avmserviceman.hu\/hu_hu\/wp-json\/wp\/v2\/types\/page"}],"author":[{"embeddable":true,"href":"https:\/\/avmserviceman.hu\/hu_hu\/wp-json\/wp\/v2\/users\/1"}],"replies":[{"embeddable":true,"href":"https:\/\/avmserviceman.hu\/hu_hu\/wp-json\/wp\/v2\/comments?post=520"}],"version-history":[{"count":4,"href":"https:\/\/avmserviceman.hu\/hu_hu\/wp-json\/wp\/v2\/pages\/520\/revisions"}],"predecessor-version":[{"id":524,"href":"https:\/\/avmserviceman.hu\/hu_hu\/wp-json\/wp\/v2\/pages\/520\/revisions\/524"}],"wp:attachment":[{"href":"https:\/\/avmserviceman.hu\/hu_hu\/wp-json\/wp\/v2\/media?parent=520"}],"curies":[{"name":"wp","href":"https:\/\/api.w.org\/{rel}","templated":true}]}}