{"id":21,"date":"2024-12-13T02:47:41","date_gmt":"2024-12-13T02:47:41","guid":{"rendered":"https:\/\/avmserviceman.hu\/?page_id=21"},"modified":"2024-12-14T10:18:38","modified_gmt":"2024-12-14T10:18:38","slug":"hirek-informaciok","status":"publish","type":"page","link":"https:\/\/avmserviceman.hu\/hu_hu\/hirek-informaciok\/","title":{"rendered":"H\u00edrek, inform\u00e1ci\u00f3k"},"content":{"rendered":"\t\t<div data-elementor-type=\"wp-page\" data-elementor-id=\"21\" class=\"elementor elementor-21\" data-elementor-post-type=\"page\">\n\t\t\t\t<div class=\"elementor-element elementor-element-ba0d465 e-flex e-con-boxed e-con e-parent\" data-id=\"ba0d465\" data-element_type=\"container\" data-e-type=\"container\">\n\t\t\t\t\t<div class=\"e-con-inner\">\n\t\t\t\t<div class=\"elementor-element elementor-element-913ade9 elementor-widget elementor-widget-heading\" data-id=\"913ade9\" data-element_type=\"widget\" data-e-type=\"widget\" data-widget_type=\"heading.default\">\n\t\t\t\t<div class=\"elementor-widget-container\">\n\t\t\t\t\t<h1 class=\"elementor-heading-title elementor-size-default\">H\u00edrek, inform\u00e1ci\u00f3k<\/h1>\t\t\t\t<\/div>\n\t\t\t\t<\/div>\n\t\t\t\t<div class=\"elementor-element elementor-element-89e49b4 elementor-widget elementor-widget-heading\" data-id=\"89e49b4\" data-element_type=\"widget\" data-e-type=\"widget\" data-widget_type=\"heading.default\">\n\t\t\t\t<div class=\"elementor-widget-container\">\n\t\t\t\t\t<h2 class=\"elementor-heading-title elementor-size-default\">AVM Serviceman Kft.<\/h2>\t\t\t\t<\/div>\n\t\t\t\t<\/div>\n\t\t\t\t<div class=\"elementor-element elementor-element-0b41102 elementor-widget-divider--view-line elementor-widget elementor-widget-divider\" data-id=\"0b41102\" data-element_type=\"widget\" data-e-type=\"widget\" data-widget_type=\"divider.default\">\n\t\t\t\t<div class=\"elementor-widget-container\">\n\t\t\t\t\t\t\t<div class=\"elementor-divider\">\n\t\t\t<span class=\"elementor-divider-separator\">\n\t\t\t\t\t\t<\/span>\n\t\t<\/div>\n\t\t\t\t\t\t<\/div>\n\t\t\t\t<\/div>\n\t\t\t\t\t<\/div>\n\t\t\t\t<\/div>\n\t\t<div class=\"elementor-element elementor-element-d951414 e-flex e-con-boxed e-con e-parent\" data-id=\"d951414\" data-element_type=\"container\" data-e-type=\"container\">\n\t\t\t\t\t<div class=\"e-con-inner\">\n\t\t\t\t<div class=\"elementor-element elementor-element-b7cbcbb uael-post__link-complete-yes uael-post__news-stack-no elementor-widget elementor-widget-uael-posts\" data-id=\"b7cbcbb\" data-element_type=\"widget\" data-e-type=\"widget\" data-settings=\"{&quot;news_slides_to_show&quot;:1,&quot;news_slides_to_show_tablet&quot;:2,&quot;news_slides_to_show_mobile&quot;:1,&quot;news_pagination_type&quot;:&quot;ajax&quot;}\" data-widget_type=\"uael-posts.news\">\n\t\t\t\t<div class=\"elementor-widget-container\">\n\t\t\t\t\t\t\t<div class=\"uael-post__header\">\n\t\t\t\t\t<\/div>\n\t\t<div class=\"uael-post__body\">\n\t\t\t\n\t\t<div class=\"uael-post-image-left uael-post-grid uael-posts uael-post_structure-featured uael-featured_post_structure-\" data-query-type=\"custom\" data-structure=\"featured\" data-layout=\"\" data-page=\"0\" data-skin=\"news\" data-filter-default=\"\" data-offset-top=\"30\" >\n\n\t\t\t\n\n<div class=\"uael-post-wrapper   uael-post-wrapper-featured ajce-bont\u00f3kalap\u00e1csok \">\n\t<div class=\"uael-post__bg-wrap\">\n\t\t\t\t\t<a href=\"https:\/\/avmserviceman.hu\/hu_hu\/ajce-bontokalapacs-atadas-mini-rakodogep\/\" target=\"_self\" class=\"uael-post__complete-box-overlay\" aria-label=\"Link Complete Box\"><\/a>\n\t\t\n\t\t\n\t\t<div class=\"uael-post__inner-wrap\">\n\n\t\t\t\t<div class=\"uael-post__thumbnail\">\n\t\t\t<a target=\"_self\" href=\"https:\/\/avmserviceman.hu\/hu_hu\/ajce-bontokalapacs-atadas-mini-rakodogep\/\" title=\"AJCE bont\u00f3kalap\u00e1cs \u00e1tad\u00e1s \u00e9s a mini rakod\u00f3g\u00e9pek hat\u00e9konys\u00e1ga\" style=\"background-image: url(&#039;https:\/\/avmserviceman.hu\/wp-content\/uploads\/2024\/12\/104692656_2939381396117464_7901505085776523469_n.jpg&#039;);\">\n\t\t\t\t\t\t\t\t<\/a>\n\t\t<\/div>\n\t\t\n\t\t\t\n\t\t\t<div class=\"uael-post__content-wrap \">\n\t\t\t\t<div class=\"uael-post__terms-wrap\">\n\t\t\t\t\t<span class=\"uael-post__terms\"><span class=\"uael-listing__terms-link\">AJCE bont\u00f3kalap\u00e1csok<\/span><\/span>\t\t\t\t<\/div>\n\t\t\t\t\t<h5 class=\"uael-post__title\">\n\n\t\t\n\t\t\t\t\t\t<a href=\"https:\/\/avmserviceman.hu\/hu_hu\/ajce-bontokalapacs-atadas-mini-rakodogep\/\" target=\"_self\">\n\t\t\t\tAJCE bont\u00f3kalap\u00e1cs \u00e1tad\u00e1s \u00e9s a mini rakod\u00f3g\u00e9pek hat\u00e9konys\u00e1ga\t\t\t<\/a>\n\n\t\t\t\t<\/h5>\n\t\t\t\t\t<\/div>\n\t\t\t\n\t\t<\/div>\n\t\t\n\t<\/div>\n\n<\/div>\n\n\t\t\t\t\t\t<div class=\"uael-post-grid__inner uael-post__columns-1 uael-post__columns-tablet-2 uael-post__columns-mobile-1\">\n\t\t\t\n\n<div class=\"uael-post-wrapper   rakod\u00f3g\u00e9pek \">\n\t<div class=\"uael-post__bg-wrap\">\n\t\t\t\t\t<a href=\"https:\/\/avmserviceman.hu\/hu_hu\/kompakt-rakodogep-es-szerviz\/\" target=\"_self\" class=\"uael-post__complete-box-overlay\" aria-label=\"Link Complete Box\"><\/a>\n\t\t\n\t\t\n\t\t<div class=\"uael-post__inner-wrap\">\n\n\t\t\t\t<div class=\"uael-post__thumbnail\">\n\t\t\t<a target=\"_self\" href=\"https:\/\/avmserviceman.hu\/hu_hu\/kompakt-rakodogep-es-szerviz\/\" title=\"Kompakt rakod\u00f3g\u00e9p: Er\u0151 \u00e9s prec\u00edz munkag\u00e9p szerviz\" style=\"background-image: url(&#039;https:\/\/avmserviceman.hu\/wp-content\/uploads\/2025\/01\/bobcat-2.png&#039;);\">\n\t\t\t\t\t\t\t\t<\/a>\n\t\t<\/div>\n\t\t\n\t\t\t\n\t\t\t<div class=\"uael-post__content-wrap \">\n\t\t\t\t<div class=\"uael-post__terms-wrap\">\n\t\t\t\t\t<span class=\"uael-post__terms\"><span class=\"uael-listing__terms-link\">Rakod\u00f3g\u00e9pek<\/span><\/span>\t\t\t\t<\/div>\n\t\t\t\t\t<h5 class=\"uael-post__title\">\n\n\t\t\n\t\t\t\t\t\t<a href=\"https:\/\/avmserviceman.hu\/hu_hu\/kompakt-rakodogep-es-szerviz\/\" target=\"_self\">\n\t\t\t\tKompakt rakod\u00f3g\u00e9p: Er\u0151 \u00e9s prec\u00edz munkag\u00e9p szerviz\t\t\t<\/a>\n\n\t\t\t\t<\/h5>\n\t\t\t\t\t<\/div>\n\t\t\t\n\t\t<\/div>\n\t\t\n\t<\/div>\n\n<\/div>\n\n\n<div class=\"uael-post-wrapper   rakod\u00f3g\u00e9pek \">\n\t<div class=\"uael-post__bg-wrap\">\n\t\t\t\t\t<a href=\"https:\/\/avmserviceman.hu\/hu_hu\/mini-rakodogep-szerviz-es-ertekesites\/\" target=\"_self\" class=\"uael-post__complete-box-overlay\" aria-label=\"Link Complete Box\"><\/a>\n\t\t\n\t\t\n\t\t<div class=\"uael-post__inner-wrap\">\n\n\t\t\t\t<div class=\"uael-post__thumbnail\">\n\t\t\t<a target=\"_self\" href=\"https:\/\/avmserviceman.hu\/hu_hu\/mini-rakodogep-szerviz-es-ertekesites\/\" title=\"Mini rakod\u00f3g\u00e9p \u00e9rt\u00e9kes\u00edt\u00e9s \u00e9s szakszer\u0171 munkag\u00e9p szerviz\" style=\"background-image: url(&#039;https:\/\/avmserviceman.hu\/wp-content\/uploads\/2025\/01\/bobcat.png&#039;);\">\n\t\t\t\t\t\t\t\t<\/a>\n\t\t<\/div>\n\t\t\n\t\t\t\n\t\t\t<div class=\"uael-post__content-wrap \">\n\t\t\t\t<div class=\"uael-post__terms-wrap\">\n\t\t\t\t\t<span class=\"uael-post__terms\"><span class=\"uael-listing__terms-link\">Rakod\u00f3g\u00e9pek<\/span><\/span>\t\t\t\t<\/div>\n\t\t\t\t\t<h5 class=\"uael-post__title\">\n\n\t\t\n\t\t\t\t\t\t<a href=\"https:\/\/avmserviceman.hu\/hu_hu\/mini-rakodogep-szerviz-es-ertekesites\/\" target=\"_self\">\n\t\t\t\tMini rakod\u00f3g\u00e9p \u00e9rt\u00e9kes\u00edt\u00e9s \u00e9s szakszer\u0171 munkag\u00e9p szerviz\t\t\t<\/a>\n\n\t\t\t\t<\/h5>\n\t\t\t\t\t<\/div>\n\t\t\t\n\t\t<\/div>\n\t\t\n\t<\/div>\n\n<\/div>\n\n\n<div class=\"uael-post-wrapper   ajce-kieg\u00e9sz\u00edt\u0151k \">\n\t<div class=\"uael-post__bg-wrap\">\n\t\t\t\t\t<a href=\"https:\/\/avmserviceman.hu\/hu_hu\/ajce-crusher-multi-processor\/\" target=\"_self\" class=\"uael-post__complete-box-overlay\" aria-label=\"Link Complete Box\"><\/a>\n\t\t\n\t\t\n\t\t<div class=\"uael-post__inner-wrap\">\n\n\t\t\t\t<div class=\"uael-post__thumbnail\">\n\t\t\t<a target=\"_self\" href=\"https:\/\/avmserviceman.hu\/hu_hu\/ajce-crusher-multi-processor\/\" title=\"AJCE Crusher Multi Processor\" style=\"background-image: url(&#039;https:\/\/avmserviceman.hu\/wp-content\/uploads\/2024\/12\/parts04.jpg&#039;);\">\n\t\t\t\t\t\t\t\t<\/a>\n\t\t<\/div>\n\t\t\n\t\t\t\n\t\t\t<div class=\"uael-post__content-wrap \">\n\t\t\t\t<div class=\"uael-post__terms-wrap\">\n\t\t\t\t\t<span class=\"uael-post__terms\"><span class=\"uael-listing__terms-link\">AJCE kieg\u00e9sz\u00edt\u0151k<\/span><\/span>\t\t\t\t<\/div>\n\t\t\t\t\t<h5 class=\"uael-post__title\">\n\n\t\t\n\t\t\t\t\t\t<a href=\"https:\/\/avmserviceman.hu\/hu_hu\/ajce-crusher-multi-processor\/\" target=\"_self\">\n\t\t\t\tAJCE Crusher Multi Processor\t\t\t<\/a>\n\n\t\t\t\t<\/h5>\n\t\t\t\t\t<\/div>\n\t\t\t\n\t\t<\/div>\n\t\t\n\t<\/div>\n\n<\/div>\n\t\t\t\t<\/div>\n\t\t\t\n\t\t<\/div>\n\t\t\t\t<\/div>\n\t\t<div class=\"uael-post__footer\">\n\t\t\t\t\t\t<nav class=\"uael-grid-pagination\"  role=\"navigation\" aria-label=\"Pagination\">\n\t\t\t\t<span aria-current=\"page\" class=\"page-numbers current\">1<\/span>\n<a class=\"page-numbers\" href=\"https:\/\/avmserviceman.hu\/hu_hu\/wp-json\/wp\/v2\/pages\/21\/page\/2\/\">2<\/a>\n<a class=\"page-numbers\" href=\"https:\/\/avmserviceman.hu\/hu_hu\/wp-json\/wp\/v2\/pages\/21\/page\/3\/\">3<\/a>\n<span class=\"page-numbers dots\">&hellip;<\/span>\n<a class=\"page-numbers\" href=\"https:\/\/avmserviceman.hu\/hu_hu\/wp-json\/wp\/v2\/pages\/21\/page\/5\/\">5<\/a>\n<a class=\"next page-numbers\" href=\"https:\/\/avmserviceman.hu\/hu_hu\/wp-json\/wp\/v2\/pages\/21\/page\/2\/\">K\u00f6vetkez\u0151 &raquo;<\/a>\t\t\t<\/nav>\n\t\t\t\t\t<\/div>\n\t\t\t\t\t\t<\/div>\n\t\t\t\t<\/div>\n\t\t\t\t\t<\/div>\n\t\t\t\t<\/div>\n\t\t\t\t<\/div>\n\t\t","protected":false},"excerpt":{"rendered":"<p>H\u00edrek, inform\u00e1ci\u00f3k AVM Serviceman Kft. Rakod\u00f3g\u00e9pek BOBCAT rakod\u00f3g\u00e9p term\u00e9kcsal\u00e1d az AVM SERVICEMAN Kft.-n\u00e9l! Bont\u00f3kalap\u00e1cs AJCE bont\u00f3kalap\u00e1cs forradalom Munkag\u00e9p alkatr\u00e9sz Gy\u00e1ri Bobcat gumik Munkag\u00e9p alkatr\u00e9sz H\u00e1ts\u00f3 felnyithat\u00f3 \u00fcveg \u00e9rkezett! 1 2 3 4 K\u00f6vetkez\u0151 &raquo;<\/p>\n","protected":false},"author":1,"featured_media":0,"parent":0,"menu_order":0,"comment_status":"closed","ping_status":"closed","template":"","meta":{"footnotes":""},"class_list":["post-21","page","type-page","status-publish","hentry"],"yoast_head":"<!-- This site is optimized with the Yoast SEO Premium plugin v27.2 (Yoast SEO v27.2) - https:\/\/yoast.com\/product\/yoast-seo-premium-wordpress\/ -->\n<title>H\u00edrek, inform\u00e1ci\u00f3k - AVM Serviceman Kft.<\/title>\n<meta name=\"robots\" content=\"index, follow, max-snippet:-1, max-image-preview:large, max-video-preview:-1\" \/>\n<link rel=\"canonical\" href=\"https:\/\/avmserviceman.hu\/hu_hu\/hirek-informaciok\/\" \/>\n<meta property=\"og:locale\" content=\"hu_HU\" \/>\n<meta property=\"og:type\" content=\"article\" \/>\n<meta property=\"og:title\" content=\"H\u00edrek, inform\u00e1ci\u00f3k\" \/>\n<meta property=\"og:description\" content=\"H\u00edrek, inform\u00e1ci\u00f3k AVM Serviceman Kft. Rakod\u00f3g\u00e9pek BOBCAT rakod\u00f3g\u00e9p term\u00e9kcsal\u00e1d az AVM SERVICEMAN Kft.-n\u00e9l! Bont\u00f3kalap\u00e1cs AJCE bont\u00f3kalap\u00e1cs forradalom Munkag\u00e9p alkatr\u00e9sz Gy\u00e1ri Bobcat gumik Munkag\u00e9p alkatr\u00e9sz H\u00e1ts\u00f3 felnyithat\u00f3 \u00fcveg \u00e9rkezett! 1 2 3 4 K\u00f6vetkez\u0151 &raquo;\" \/>\n<meta property=\"og:url\" content=\"https:\/\/avmserviceman.hu\/hu_hu\/hirek-informaciok\/\" \/>\n<meta property=\"og:site_name\" content=\"AVM Serviceman Kft.\" \/>\n<meta property=\"article:publisher\" content=\"https:\/\/www.facebook.com\/avmserviceman.hu\" \/>\n<meta property=\"article:modified_time\" content=\"2024-12-14T10:18:38+00:00\" \/>\n<meta name=\"twitter:card\" content=\"summary_large_image\" \/>\n<meta name=\"twitter:label1\" content=\"Becs\u00fclt olvas\u00e1si id\u0151\" \/>\n\t<meta name=\"twitter:data1\" content=\"1 perc\" \/>\n<script type=\"application\/ld+json\" class=\"yoast-schema-graph\">{\"@context\":\"https:\/\/schema.org\",\"@graph\":[{\"@type\":\"WebPage\",\"@id\":\"https:\/\/avmserviceman.hu\/hirek-informaciok\/\",\"url\":\"https:\/\/avmserviceman.hu\/hirek-informaciok\/\",\"name\":\"H\u00edrek, inform\u00e1ci\u00f3k - AVM Serviceman Kft.\",\"isPartOf\":{\"@id\":\"https:\/\/avmserviceman.hu\/hu_hu\/#website\"},\"datePublished\":\"2024-12-13T02:47:41+00:00\",\"dateModified\":\"2024-12-14T10:18:38+00:00\",\"breadcrumb\":{\"@id\":\"https:\/\/avmserviceman.hu\/hirek-informaciok\/#breadcrumb\"},\"inLanguage\":\"hu\",\"potentialAction\":[{\"@type\":\"ReadAction\",\"target\":[\"https:\/\/avmserviceman.hu\/hirek-informaciok\/\"]}]},{\"@type\":\"BreadcrumbList\",\"@id\":\"https:\/\/avmserviceman.hu\/hirek-informaciok\/#breadcrumb\",\"itemListElement\":[{\"@type\":\"ListItem\",\"position\":1,\"name\":\"Kezd\u0151lap\",\"item\":\"https:\/\/avmserviceman.hu\/\"},{\"@type\":\"ListItem\",\"position\":2,\"name\":\"H\u00edrek, inform\u00e1ci\u00f3k\"}]},{\"@type\":\"WebSite\",\"@id\":\"https:\/\/avmserviceman.hu\/hu_hu\/#website\",\"url\":\"https:\/\/avmserviceman.hu\/hu_hu\/\",\"name\":\"AVM Serviceman Kft.\",\"description\":\"\",\"publisher\":{\"@id\":\"https:\/\/avmserviceman.hu\/hu_hu\/#organization\"},\"potentialAction\":[{\"@type\":\"SearchAction\",\"target\":{\"@type\":\"EntryPoint\",\"urlTemplate\":\"https:\/\/avmserviceman.hu\/hu_hu\/?s={search_term_string}\"},\"query-input\":{\"@type\":\"PropertyValueSpecification\",\"valueRequired\":true,\"valueName\":\"search_term_string\"}}],\"inLanguage\":\"hu\"},{\"@type\":\"Organization\",\"@id\":\"https:\/\/avmserviceman.hu\/hu_hu\/#organization\",\"name\":\"AVM Serviceman Kft.\",\"url\":\"https:\/\/avmserviceman.hu\/hu_hu\/\",\"logo\":{\"@type\":\"ImageObject\",\"inLanguage\":\"hu\",\"@id\":\"https:\/\/avmserviceman.hu\/hu_hu\/#\/schema\/logo\/image\/\",\"url\":\"https:\/\/avmserviceman.hu\/wp-content\/uploads\/2024\/12\/logo.png\",\"contentUrl\":\"https:\/\/avmserviceman.hu\/wp-content\/uploads\/2024\/12\/logo.png\",\"width\":228,\"height\":115,\"caption\":\"AVM Serviceman Kft.\"},\"image\":{\"@id\":\"https:\/\/avmserviceman.hu\/hu_hu\/#\/schema\/logo\/image\/\"},\"sameAs\":[\"https:\/\/www.facebook.com\/avmserviceman.hu\"]}]}<\/script>\n<!-- \/ Yoast SEO Premium plugin. -->","yoast_head_json":{"title":"H\u00edrek, inform\u00e1ci\u00f3k - AVM Serviceman Kft.","robots":{"index":"index","follow":"follow","max-snippet":"max-snippet:-1","max-image-preview":"max-image-preview:large","max-video-preview":"max-video-preview:-1"},"canonical":"https:\/\/avmserviceman.hu\/hu_hu\/hirek-informaciok\/","og_locale":"hu_HU","og_type":"article","og_title":"H\u00edrek, inform\u00e1ci\u00f3k","og_description":"H\u00edrek, inform\u00e1ci\u00f3k AVM Serviceman Kft. Rakod\u00f3g\u00e9pek BOBCAT rakod\u00f3g\u00e9p term\u00e9kcsal\u00e1d az AVM SERVICEMAN Kft.-n\u00e9l! Bont\u00f3kalap\u00e1cs AJCE bont\u00f3kalap\u00e1cs forradalom Munkag\u00e9p alkatr\u00e9sz Gy\u00e1ri Bobcat gumik Munkag\u00e9p alkatr\u00e9sz H\u00e1ts\u00f3 felnyithat\u00f3 \u00fcveg \u00e9rkezett! 1 2 3 4 K\u00f6vetkez\u0151 &raquo;","og_url":"https:\/\/avmserviceman.hu\/hu_hu\/hirek-informaciok\/","og_site_name":"AVM Serviceman Kft.","article_publisher":"https:\/\/www.facebook.com\/avmserviceman.hu","article_modified_time":"2024-12-14T10:18:38+00:00","twitter_card":"summary_large_image","twitter_misc":{"Becs\u00fclt olvas\u00e1si id\u0151":"1 perc"},"schema":{"@context":"https:\/\/schema.org","@graph":[{"@type":"WebPage","@id":"https:\/\/avmserviceman.hu\/hirek-informaciok\/","url":"https:\/\/avmserviceman.hu\/hirek-informaciok\/","name":"H\u00edrek, inform\u00e1ci\u00f3k - AVM Serviceman Kft.","isPartOf":{"@id":"https:\/\/avmserviceman.hu\/hu_hu\/#website"},"datePublished":"2024-12-13T02:47:41+00:00","dateModified":"2024-12-14T10:18:38+00:00","breadcrumb":{"@id":"https:\/\/avmserviceman.hu\/hirek-informaciok\/#breadcrumb"},"inLanguage":"hu","potentialAction":[{"@type":"ReadAction","target":["https:\/\/avmserviceman.hu\/hirek-informaciok\/"]}]},{"@type":"BreadcrumbList","@id":"https:\/\/avmserviceman.hu\/hirek-informaciok\/#breadcrumb","itemListElement":[{"@type":"ListItem","position":1,"name":"Kezd\u0151lap","item":"https:\/\/avmserviceman.hu\/"},{"@type":"ListItem","position":2,"name":"H\u00edrek, inform\u00e1ci\u00f3k"}]},{"@type":"WebSite","@id":"https:\/\/avmserviceman.hu\/hu_hu\/#website","url":"https:\/\/avmserviceman.hu\/hu_hu\/","name":"AVM Serviceman Kft.","description":"","publisher":{"@id":"https:\/\/avmserviceman.hu\/hu_hu\/#organization"},"potentialAction":[{"@type":"SearchAction","target":{"@type":"EntryPoint","urlTemplate":"https:\/\/avmserviceman.hu\/hu_hu\/?s={search_term_string}"},"query-input":{"@type":"PropertyValueSpecification","valueRequired":true,"valueName":"search_term_string"}}],"inLanguage":"hu"},{"@type":"Organization","@id":"https:\/\/avmserviceman.hu\/hu_hu\/#organization","name":"AVM Serviceman Kft.","url":"https:\/\/avmserviceman.hu\/hu_hu\/","logo":{"@type":"ImageObject","inLanguage":"hu","@id":"https:\/\/avmserviceman.hu\/hu_hu\/#\/schema\/logo\/image\/","url":"https:\/\/avmserviceman.hu\/wp-content\/uploads\/2024\/12\/logo.png","contentUrl":"https:\/\/avmserviceman.hu\/wp-content\/uploads\/2024\/12\/logo.png","width":228,"height":115,"caption":"AVM Serviceman Kft."},"image":{"@id":"https:\/\/avmserviceman.hu\/hu_hu\/#\/schema\/logo\/image\/"},"sameAs":["https:\/\/www.facebook.com\/avmserviceman.hu"]}]}},"_links":{"self":[{"href":"https:\/\/avmserviceman.hu\/hu_hu\/wp-json\/wp\/v2\/pages\/21","targetHints":{"allow":["GET"]}}],"collection":[{"href":"https:\/\/avmserviceman.hu\/hu_hu\/wp-json\/wp\/v2\/pages"}],"about":[{"href":"https:\/\/avmserviceman.hu\/hu_hu\/wp-json\/wp\/v2\/types\/page"}],"author":[{"embeddable":true,"href":"https:\/\/avmserviceman.hu\/hu_hu\/wp-json\/wp\/v2\/users\/1"}],"replies":[{"embeddable":true,"href":"https:\/\/avmserviceman.hu\/hu_hu\/wp-json\/wp\/v2\/comments?post=21"}],"version-history":[{"count":13,"href":"https:\/\/avmserviceman.hu\/hu_hu\/wp-json\/wp\/v2\/pages\/21\/revisions"}],"predecessor-version":[{"id":420,"href":"https:\/\/avmserviceman.hu\/hu_hu\/wp-json\/wp\/v2\/pages\/21\/revisions\/420"}],"wp:attachment":[{"href":"https:\/\/avmserviceman.hu\/hu_hu\/wp-json\/wp\/v2\/media?parent=21"}],"curies":[{"name":"wp","href":"https:\/\/api.w.org\/{rel}","templated":true}]}}