{"id":29,"date":"2024-12-13T02:49:54","date_gmt":"2024-12-13T02:49:54","guid":{"rendered":"https:\/\/avmserviceman.hu\/?page_id=29"},"modified":"2024-12-15T07:04:06","modified_gmt":"2024-12-15T07:04:06","slug":"cookie-szabalyzat","status":"publish","type":"page","link":"https:\/\/avmserviceman.hu\/en\/cookie-szabalyzat\/","title":{"rendered":"Cookie policy"},"content":{"rendered":"<div data-elementor-type=\"wp-page\" data-elementor-id=\"29\" class=\"elementor elementor-29\" data-elementor-post-type=\"page\">\n\t\t\t\t<div class=\"elementor-element elementor-element-07faa34 e-flex e-con-boxed e-con e-parent\" data-id=\"07faa34\" data-element_type=\"container\" data-e-type=\"container\">\n\t\t\t\t\t<div class=\"e-con-inner\">\n\t\t\t\t<div class=\"elementor-element elementor-element-8959825 elementor-widget elementor-widget-text-editor\" data-id=\"8959825\" data-element_type=\"widget\" data-e-type=\"widget\" data-widget_type=\"text-editor.default\">\n\t\t\t\t<div class=\"elementor-widget-container\">\n\t\t\t\t\t\t\t\t\t<p><span style=\"font-weight: 400;\">This Cookie Policy (hereinafter referred to as \"Cookie\") <\/span><span style=\"font-weight: 400;\">AVM Serviceman Ltd.<\/span><span style=\"font-weight: 400;\">as the service provider (\"Service Provider\"), contain the cookie terms and conditions for the use of the website. In designing this website, we have been mindful of the requirements for the continued use of cookies. We have considered and use the following standards for this use:<\/span><\/p><ul><li style=\"font-weight: 400;\" aria-level=\"1\"><a href=\"https:\/\/net.jogtar.hu\/jogszabaly?docid=A0300100.TV\"><span style=\"font-weight: 400;\">Act C of 2003<\/span><\/a><span style=\"font-weight: 400;\"> on electronic communications<\/span><\/li><li style=\"font-weight: 400;\" aria-level=\"1\"><a href=\"https:\/\/net.jogtar.hu\/jogszabaly?docid=A0100108.TV\"><span style=\"font-weight: 400;\">Act CVIII of 201<\/span><\/a><span style=\"font-weight: 400;\"> on certain aspects of electronic commerce services and information society services<\/span><\/li><li style=\"font-weight: 400;\" aria-level=\"1\"><a href=\"https:\/\/net.jogtar.hu\/jogszabaly?docid=A1100112.TV\"><span style=\"font-weight: 400;\">Act CXII of 2011<\/span><\/a><span style=\"font-weight: 400;\"> on the right to information self-determination and freedom of information<\/span><\/li><li style=\"font-weight: 400;\" aria-level=\"1\"><a href=\"https:\/\/eur-lex.europa.eu\/LexUriServ\/LexUriServ.do?uri=CELEX:32002L0058:HU:HTML\"><span style=\"font-weight: 400;\">Directive 2002\/58\/EC<\/span><\/a><span style=\"font-weight: 400;\"> (of 12 July 2002 concerning the processing of personal data and the protection of privacy in the electronic communications sector (\"Directive on privacy and electronic communications\")<\/span><\/li><\/ul><p><span style=\"font-weight: 400;\">Please read this document carefully and only use the services of the website if you agree with all of its points and accept them as binding on you (hereinafter referred to as \"User\"). Please note that this policy only applies to the use of cookies on this website. If you click on a link to an external website, you should also find and read the policy of that website.<\/span><\/p><h3><b>The cookie \/ cookie<\/b><\/h3><p><span style=\"font-weight: 400;\">A cookie is files or pieces of information that your internet browser saves from our website and stores on your computer. These cookies are used by the server computer that stores the material on our website to recognise that you have visited our website when you return to our website.<\/span><\/p><p><span style=\"font-weight: 400;\">Most internet browsers accept cookies by default. If you prefer, you can set your browser to refuse cookies or to warn you that cookies have been sent to your computer. Our website uses such cookies to provide certain features or for convenience only. The cookies we use do not overload, slow down or harm your computer.<\/span><\/p><p><span style=\"font-weight: 400;\">The site Third-party cookies are also used on the website. Cookies can be deleted and disabled from browsers. You can also disable cookies. You can find information about these settings on the official website of your browser.<\/span><\/p><h3><b>What are cookies for?<\/b><\/h3><p><span style=\"font-weight: 400;\">We use these technologies for a variety of purposes, such as to display content or advertisements that are most relevant to the User; to improve our products and services; and to maintain the security of our services. The exact names of the cookies, pixels and other similar technologies we use may change from time to time as we develop and update our services.<\/span><\/p><h3><b>How is the cookie created?<\/b><\/h3><p><span style=\"font-weight: 400;\">First the client machine sends a request to the server. The server then generates a unique identifier and stores it in its own database, and sends the cookie back to the client with all the information. The returned information cookie is stored on the client machine.<\/span><\/p><h3><b>How is the cookie used?<\/b><\/h3><p><span style=\"font-weight: 400;\">When the client machine contacts the server again, it attaches the cookie that was previously created and stored. The server compares the contents of the cookie it received and the cookie it stored. This makes it easy to identify the registered user, for example.<\/span><\/p><h3><span style=\"font-weight: 400;\">What cookie do we use?<\/span><\/h3><p><span style=\"font-weight: 400;\">There are several types of cookies in use, but each website uses different types. Our website generally uses only the following types, but as we develop our website, we may add new types in addition to the ones we have already added.<\/span><\/p><h4><span style=\"font-weight: 400;\">Session\/Transition cookie:<\/span><\/h4><p><span style=\"font-weight: 400;\">These cookies are only temporarily stored in temporary memory while the user is browsing the site. When the user closes the browser the cookie is deleted. These cookies do not contain any personal data and are not used to identify the visitor.<\/span><\/p><h4><span style=\"font-weight: 400;\">Stored\/Remove cookie:<\/span><\/h4><p><span style=\"font-weight: 400;\">These are cookies that are used every time a user visits the site. Based on the type of cookie, we can use them as follows:<\/span><\/p><h5><span style=\"font-weight: 400;\">Analytics\/Analysis:<\/span><\/h5><p><span style=\"font-weight: 400;\">This shows where you have been on the website, what products you have looked at and what you have done. Depending on the lifetime of the cookie, it stays on the client's computer. It can be used by functions such as Google Analytics or Youtube. These cookies do not contain any personal data and are not used to identify the visitor.<\/span><\/p><h5><span style=\"font-weight: 400;\">Social networks cookie:<\/span><\/h5><p><span style=\"font-weight: 400;\">It allows you to easily access social media networks, share your opinions and information about our products with others using third-party features such as Facebook, Twitter, Google+, Pinterest or YouTube. These cookies may contain personal data and can be used to identify the visitor.<\/span><\/p><h5><span style=\"font-weight: 400;\">Media:<\/span><\/h5><p><span style=\"font-weight: 400;\">For example, you can use them to view videos on the site. They use features provided by third parties such as Youtube. These cookies do not contain personal data and are not used to identify the visitor.<\/span><\/p><h5><span style=\"font-weight: 400;\">Functional:<\/span><\/h5><p><span style=\"font-weight: 400;\">This shows whether the user has been to the site before and on what device. It records username, password, language chosen, location information. These cookies may contain personal data and can be used to identify the visitor.<\/span><\/p><h5><span style=\"font-weight: 400;\">Advertising:<\/span><\/h5><p><span style=\"font-weight: 400;\">I can use these to send the user information and newsletters that match their interests. These cookies may contain personal data and can be used to identify the visitor.<\/span><span style=\"font-weight: 400;\"><br \/><br \/><\/span><\/p><p><span style=\"font-weight: 400;\">For information on the types of cookies and their full functionality, please visit the <\/span><a href=\"http:\/\/www.allaboutcookies.org\"><span style=\"font-weight: 400;\">www.allaboutcookies.org<\/span><\/a><span style=\"font-weight: 400;\"> website.<\/span><\/p><h2><span style=\"font-weight: 400;\">How are cookies managed?<\/span><\/h2><p><span style=\"font-weight: 400;\">There are various ways, but the client has the possibility to configure his browser to handle cookies in various ways. Generally speaking, there are three ways in which browsers can be set up, as follows:<\/span><\/p><ul><li style=\"font-weight: 400;\" aria-level=\"1\"><span style=\"font-weight: 400;\">Accept all cookies<\/span><\/li><li style=\"font-weight: 400;\" aria-level=\"1\"><span style=\"font-weight: 400;\">Reject all cookies<\/span><\/li><li style=\"font-weight: 400;\" aria-level=\"1\"><span style=\"font-weight: 400;\">Request notification of each cookie use<\/span><\/li><\/ul><p><span style=\"font-weight: 400;\">To find out how to set cookies, you should check your browser's \"Options\" or \"Settings\" menu or use the \"Help\" menu in your browser's search engine. The following websites can help you with the settings of the most commonly used browsers.<\/span><\/p><ul><li style=\"font-weight: 400;\" aria-level=\"1\"><span style=\"font-weight: 400;\">Internet Explorer<\/span><\/li><li style=\"font-weight: 400;\" aria-level=\"1\"><span style=\"font-weight: 400;\">Firefox<\/span><\/li><li style=\"font-weight: 400;\" aria-level=\"1\"><span style=\"font-weight: 400;\">Chrome<\/span><\/li><li style=\"font-weight: 400;\" aria-level=\"1\"><span style=\"font-weight: 400;\">Opera<\/span><\/li><li style=\"font-weight: 400;\" aria-level=\"1\"><span style=\"font-weight: 400;\">Safari<\/span><\/li><li style=\"font-weight: 400;\" aria-level=\"1\"><span style=\"font-weight: 400;\">other browser systems<\/span><\/li><\/ul><p><span style=\"font-weight: 400;\">It is important to note that the website is cookie managed. If the client disables the use of these cookies, either partially or completely, it may prevent the website from functioning. If you do so, you may not be able to use some or all of the functions and services.<\/span><\/p><p><span style=\"font-weight: 400;\">We use cookies even if the User does not have a registered account or has logged out of the account. For example, if the User has logged out of their account, we use cookies to facilitate the following:<\/span><\/p><ul><li style=\"font-weight: 400;\" aria-level=\"1\"><span style=\"font-weight: 400;\">identify and block accounts of spammers<\/span><\/li><li style=\"font-weight: 400;\" aria-level=\"1\"><span style=\"font-weight: 400;\">restore your account in case you lose access<\/span><\/li><li style=\"font-weight: 400;\" aria-level=\"1\"><span style=\"font-weight: 400;\">provide additional security features such as login notifications and login approvals<\/span><\/li><li style=\"font-weight: 400;\" aria-level=\"1\"><span style=\"font-weight: 400;\">preventing underage persons from registering with a false date of birth<\/span><\/li><li style=\"font-weight: 400;\" aria-level=\"1\"><span style=\"font-weight: 400;\">display, select, evaluate, measure and interpret advertising on the Site and elsewhere (including advertising displayed by or on behalf of our affiliates or partners)<\/span><\/li><li style=\"font-weight: 400;\" aria-level=\"1\"><span style=\"font-weight: 400;\">compiling analytical information about people who interact with our services and the websites of our advertisers and partners.<\/span><\/li><\/ul><p><span style=\"font-weight: 400;\">To protect our services and users from malicious activity, we set cookies even if the User does not have an account registered but has visited our website. For example, these cookies help us detect and prevent denial of service attacks and the mass creation of fake accounts.<\/span><\/p><p><span style=\"font-weight: 400;\">If there are cookies on your browser or device, we can read the cookie when you visit a website with a community module. Cookies set by social networking sites (Facebook, Twitter, LinkedIn, GooglePlus) are the responsibility of the operator of the site about which you can find information on the website of the social networking site.<\/span><\/p><h2><span style=\"font-weight: 400;\">Your consent<\/span><\/h2><p><span style=\"font-weight: 400;\">By browsing this website, you agree to us placing cookies on your computer for the purpose of analysing how you use our website. If you do not agree to our use of cookies when you browse this site, our website may not function properly.<\/span><\/p><h2><span style=\"font-weight: 400;\">How to delete\/deactivate cookies?<\/span><\/h2><p><span style=\"font-weight: 400;\">Each browser allows you to change your cookie settings. However, it is very important to note that, as cookies are intended to facilitate the usability and processes of our website, if cookies are prevented or deleted, our users may not be able to fully use the functions of our website or the website may not function as intended in their browser.<\/span><\/p><p><span style=\"font-weight: 400;\">You can usually find cookie-related settings in the \"Settings\" menus of your browsers. You can also find links below to help you set cookies, and more information in the \"Help\" menu of each browser.<\/span><\/p><p><span style=\"font-weight: 400;\">You can find out about the cookie settings of the most popular browsers by following the links below:<\/span><\/p><p><a href=\"https:\/\/support.mozilla.org\/hu\/kb\/sutik-informacio-amelyet-weboldalak-tarolnak-szami?redirectslug=S%C3%BCtik+kezel%C3%A9se&amp;redirectlocale=hu\"><span style=\"font-weight: 400;\">Firefox<\/span><\/a><\/p><p><a href=\"https:\/\/help.opera.com\/en\/latest\/web-preferences\/#cookies\"><span style=\"font-weight: 400;\">Opera<\/span><\/a><\/p><p><a href=\"https:\/\/support.google.com\/accounts\/answer\/61416?hl=hu\"><span style=\"font-weight: 400;\">Google Chrome<\/span><\/a><\/p><p><a href=\"https:\/\/support.microsoft.com\/hu-hu\/windows\/cookie-k-t%C3%B6rl%C3%A9se-%C3%A9s-kezel%C3%A9se-168dab11-0753-043d-7c16-ede5947fc64d#ie=ie-11\"><span style=\"font-weight: 400;\">Internet Explorer 11<\/span><\/a><\/p><p><a href=\"https:\/\/support.microsoft.com\/hu-hu\/windows\/cookie-k-t%C3%B6rl%C3%A9se-%C3%A9s-kezel%C3%A9se-168dab11-0753-043d-7c16-ede5947fc64d#ie=ie-10\"><span style=\"font-weight: 400;\">Internet Explorer 10<\/span><\/a><\/p><p><a href=\"https:\/\/support.apple.com\/hu-hu\/guide\/safari\/sfri11471\/mac\"><span style=\"font-weight: 400;\">Safari<\/span><\/a><\/p><h2><span style=\"font-weight: 400;\">How can I withdraw my contribution?<\/span><\/h2><p><span style=\"font-weight: 400;\">If you have consented to the use of cookies, your browser will store cookies on your computer or other device so that our system can recognise your preferences. Consent expires from time to time. However, if you would like to withdraw your consent, you can do so at any time in your browser's cookie settings.<\/span><\/p><h2><span style=\"font-weight: 400;\">More information about cookies<\/span><\/h2><p><span style=\"font-weight: 400;\">For more information about cookies, please visit the following websites:<\/span><\/p><p><span style=\"font-weight: 400;\">More information on the <\/span><a href=\"https:\/\/allaboutcookies.org\/\"><span style=\"font-weight: 400;\">Cookies in general,<\/span><\/a><span style=\"font-weight: 400;\"> and the <\/span><a href=\"https:\/\/www.aboutcookies.org\/\"><span style=\"font-weight: 400;\">About the use of cookies and how to delete or block them<\/span><\/a><\/p><p><span style=\"font-weight: 400;\">More information on the <\/span><a href=\"https:\/\/tools.google.com\/dlpage\/gaoptout\"><span style=\"font-weight: 400;\">About cookies used by Google Analytics<\/span><\/a><span style=\"font-weight: 400;\"> and their deletion or blocking<\/span><\/p><p><a href=\"https:\/\/cookiepedia.co.uk\/cookie-laws-across-europe\"><span style=\"font-weight: 400;\">http:\/\/cookiepedia.co.uk\/cookie-laws-across-europe<\/span><\/a><\/p>\t\t\t\t\t\t\t\t<\/div>\n\t\t\t\t<\/div>\n\t\t\t\t\t<\/div>\n\t\t\t\t<\/div>\n\t\t\t\t<\/div>","protected":false},"excerpt":{"rendered":"<p>A jelen S\u00fcti (angolul Cookie) Szab\u00e1lyzat (a tov\u00e1bbiakban: cookie) AVM Serviceman Kft., mint szolg\u00e1ltat\u00f3 (\u201cSzolg\u00e1ltat\u00f3\u201d) \u00e1ltal \u00fczemeltetett honlap haszn\u00e1lat\u00e1ra vonatkoz\u00f3 cookie felt\u00e9teleket tartalmazz\u00e1k. A weboldal kialak\u00edt\u00e1s\u00e1n\u00e1l figyelt\u00fcnk a cookie-k tov\u00e1bbi felhaszn\u00e1l\u00e1s\u00e1ra vonatkoz\u00f3 el\u0151\u00edr\u00e1sokra. Ezen haszn\u00e1latra vonatkoz\u00f3an az al\u00e1bbi el\u0151\u00edr\u00e1sokat vett\u00fck figyelembe \u00e9s ezeknek megfelel\u0151en haszn\u00e1ljuk: 2003 \u00e9vi C. t\u00f6rv\u00e9ny az elektronikus h\u00edrk\u00f6zl\u00e9sr\u0151l 201 \u00e9vi CVIII. [&hellip;]<\/p>\n","protected":false},"author":1,"featured_media":0,"parent":0,"menu_order":0,"comment_status":"closed","ping_status":"closed","template":"","meta":{"footnotes":""},"class_list":["post-29","page","type-page","status-publish","hentry"],"yoast_head":"<!-- This site is optimized with the Yoast SEO Premium plugin v27.4 (Yoast SEO v27.4) - https:\/\/yoast.com\/product\/yoast-seo-premium-wordpress\/ -->\n<title>Cookie szab\u00e1lyzat - AVM Serviceman Kft.<\/title>\n<meta name=\"robots\" content=\"index, follow, max-snippet:-1, max-image-preview:large, max-video-preview:-1\" \/>\n<link rel=\"canonical\" href=\"https:\/\/avmserviceman.hu\/en\/cookie-szabalyzat\/\" \/>\n<meta property=\"og:locale\" content=\"en_GB\" \/>\n<meta property=\"og:type\" content=\"article\" \/>\n<meta property=\"og:title\" content=\"Cookie szab\u00e1lyzat\" \/>\n<meta property=\"og:description\" content=\"A jelen S\u00fcti (angolul Cookie) Szab\u00e1lyzat (a tov\u00e1bbiakban: cookie) AVM Serviceman Kft., mint szolg\u00e1ltat\u00f3 (\u201cSzolg\u00e1ltat\u00f3\u201d) \u00e1ltal \u00fczemeltetett honlap haszn\u00e1lat\u00e1ra vonatkoz\u00f3 cookie felt\u00e9teleket tartalmazz\u00e1k. A weboldal kialak\u00edt\u00e1s\u00e1n\u00e1l figyelt\u00fcnk a cookie-k tov\u00e1bbi felhaszn\u00e1l\u00e1s\u00e1ra vonatkoz\u00f3 el\u0151\u00edr\u00e1sokra. Ezen haszn\u00e1latra vonatkoz\u00f3an az al\u00e1bbi el\u0151\u00edr\u00e1sokat vett\u00fck figyelembe \u00e9s ezeknek megfelel\u0151en haszn\u00e1ljuk: 2003 \u00e9vi C. t\u00f6rv\u00e9ny az elektronikus h\u00edrk\u00f6zl\u00e9sr\u0151l 201 \u00e9vi CVIII. [&hellip;]\" \/>\n<meta property=\"og:url\" content=\"https:\/\/avmserviceman.hu\/en\/cookie-szabalyzat\/\" \/>\n<meta property=\"og:site_name\" content=\"AVM Serviceman Kft.\" \/>\n<meta property=\"article:publisher\" content=\"https:\/\/www.facebook.com\/avmserviceman.hu\" \/>\n<meta property=\"article:modified_time\" content=\"2024-12-15T07:04:06+00:00\" \/>\n<meta name=\"twitter:card\" content=\"summary_large_image\" \/>\n<meta name=\"twitter:label1\" content=\"Estimated reading time\" \/>\n\t<meta name=\"twitter:data1\" content=\"7 minutes\" \/>\n<script type=\"application\/ld+json\" class=\"yoast-schema-graph\">{\"@context\":\"https:\\\/\\\/schema.org\",\"@graph\":[{\"@type\":\"WebPage\",\"@id\":\"https:\\\/\\\/avmserviceman.hu\\\/cookie-szabalyzat\\\/\",\"url\":\"https:\\\/\\\/avmserviceman.hu\\\/cookie-szabalyzat\\\/\",\"name\":\"Cookie szab\u00e1lyzat - AVM Serviceman Kft.\",\"isPartOf\":{\"@id\":\"https:\\\/\\\/avmserviceman.hu\\\/hu_hu\\\/#website\"},\"datePublished\":\"2024-12-13T02:49:54+00:00\",\"dateModified\":\"2024-12-15T07:04:06+00:00\",\"breadcrumb\":{\"@id\":\"https:\\\/\\\/avmserviceman.hu\\\/cookie-szabalyzat\\\/#breadcrumb\"},\"inLanguage\":\"en-GB\",\"potentialAction\":[{\"@type\":\"ReadAction\",\"target\":[\"https:\\\/\\\/avmserviceman.hu\\\/cookie-szabalyzat\\\/\"]}]},{\"@type\":\"BreadcrumbList\",\"@id\":\"https:\\\/\\\/avmserviceman.hu\\\/cookie-szabalyzat\\\/#breadcrumb\",\"itemListElement\":[{\"@type\":\"ListItem\",\"position\":1,\"name\":\"Kezd\u0151lap\",\"item\":\"https:\\\/\\\/avmserviceman.hu\\\/\"},{\"@type\":\"ListItem\",\"position\":2,\"name\":\"Cookie szab\u00e1lyzat\"}]},{\"@type\":\"WebSite\",\"@id\":\"https:\\\/\\\/avmserviceman.hu\\\/hu_hu\\\/#website\",\"url\":\"https:\\\/\\\/avmserviceman.hu\\\/hu_hu\\\/\",\"name\":\"AVM Serviceman Kft.\",\"description\":\"\",\"publisher\":{\"@id\":\"https:\\\/\\\/avmserviceman.hu\\\/hu_hu\\\/#organization\"},\"potentialAction\":[{\"@type\":\"SearchAction\",\"target\":{\"@type\":\"EntryPoint\",\"urlTemplate\":\"https:\\\/\\\/avmserviceman.hu\\\/hu_hu\\\/?s={search_term_string}\"},\"query-input\":{\"@type\":\"PropertyValueSpecification\",\"valueRequired\":true,\"valueName\":\"search_term_string\"}}],\"inLanguage\":\"en-GB\"},{\"@type\":\"Organization\",\"@id\":\"https:\\\/\\\/avmserviceman.hu\\\/hu_hu\\\/#organization\",\"name\":\"AVM Serviceman Kft.\",\"url\":\"https:\\\/\\\/avmserviceman.hu\\\/hu_hu\\\/\",\"logo\":{\"@type\":\"ImageObject\",\"inLanguage\":\"en-GB\",\"@id\":\"https:\\\/\\\/avmserviceman.hu\\\/hu_hu\\\/#\\\/schema\\\/logo\\\/image\\\/\",\"url\":\"https:\\\/\\\/avmserviceman.hu\\\/wp-content\\\/uploads\\\/2024\\\/12\\\/logo.png\",\"contentUrl\":\"https:\\\/\\\/avmserviceman.hu\\\/wp-content\\\/uploads\\\/2024\\\/12\\\/logo.png\",\"width\":228,\"height\":115,\"caption\":\"AVM Serviceman Kft.\"},\"image\":{\"@id\":\"https:\\\/\\\/avmserviceman.hu\\\/hu_hu\\\/#\\\/schema\\\/logo\\\/image\\\/\"},\"sameAs\":[\"https:\\\/\\\/www.facebook.com\\\/avmserviceman.hu\"]}]}<\/script>\n<!-- \/ Yoast SEO Premium plugin. -->","yoast_head_json":{"title":"Cookie szab\u00e1lyzat - AVM Serviceman Kft.","robots":{"index":"index","follow":"follow","max-snippet":"max-snippet:-1","max-image-preview":"max-image-preview:large","max-video-preview":"max-video-preview:-1"},"canonical":"https:\/\/avmserviceman.hu\/en\/cookie-szabalyzat\/","og_locale":"en_GB","og_type":"article","og_title":"Cookie szab\u00e1lyzat","og_description":"A jelen S\u00fcti (angolul Cookie) Szab\u00e1lyzat (a tov\u00e1bbiakban: cookie) AVM Serviceman Kft., mint szolg\u00e1ltat\u00f3 (\u201cSzolg\u00e1ltat\u00f3\u201d) \u00e1ltal \u00fczemeltetett honlap haszn\u00e1lat\u00e1ra vonatkoz\u00f3 cookie felt\u00e9teleket tartalmazz\u00e1k. A weboldal kialak\u00edt\u00e1s\u00e1n\u00e1l figyelt\u00fcnk a cookie-k tov\u00e1bbi felhaszn\u00e1l\u00e1s\u00e1ra vonatkoz\u00f3 el\u0151\u00edr\u00e1sokra. Ezen haszn\u00e1latra vonatkoz\u00f3an az al\u00e1bbi el\u0151\u00edr\u00e1sokat vett\u00fck figyelembe \u00e9s ezeknek megfelel\u0151en haszn\u00e1ljuk: 2003 \u00e9vi C. t\u00f6rv\u00e9ny az elektronikus h\u00edrk\u00f6zl\u00e9sr\u0151l 201 \u00e9vi CVIII. [&hellip;]","og_url":"https:\/\/avmserviceman.hu\/en\/cookie-szabalyzat\/","og_site_name":"AVM Serviceman Kft.","article_publisher":"https:\/\/www.facebook.com\/avmserviceman.hu","article_modified_time":"2024-12-15T07:04:06+00:00","twitter_card":"summary_large_image","twitter_misc":{"Estimated reading time":"7 minutes"},"schema":{"@context":"https:\/\/schema.org","@graph":[{"@type":"WebPage","@id":"https:\/\/avmserviceman.hu\/cookie-szabalyzat\/","url":"https:\/\/avmserviceman.hu\/cookie-szabalyzat\/","name":"Cookie szab\u00e1lyzat - AVM Serviceman Kft.","isPartOf":{"@id":"https:\/\/avmserviceman.hu\/hu_hu\/#website"},"datePublished":"2024-12-13T02:49:54+00:00","dateModified":"2024-12-15T07:04:06+00:00","breadcrumb":{"@id":"https:\/\/avmserviceman.hu\/cookie-szabalyzat\/#breadcrumb"},"inLanguage":"en-GB","potentialAction":[{"@type":"ReadAction","target":["https:\/\/avmserviceman.hu\/cookie-szabalyzat\/"]}]},{"@type":"BreadcrumbList","@id":"https:\/\/avmserviceman.hu\/cookie-szabalyzat\/#breadcrumb","itemListElement":[{"@type":"ListItem","position":1,"name":"Kezd\u0151lap","item":"https:\/\/avmserviceman.hu\/"},{"@type":"ListItem","position":2,"name":"Cookie szab\u00e1lyzat"}]},{"@type":"WebSite","@id":"https:\/\/avmserviceman.hu\/hu_hu\/#website","url":"https:\/\/avmserviceman.hu\/hu_hu\/","name":"AVM Serviceman Ltd.","description":"","publisher":{"@id":"https:\/\/avmserviceman.hu\/hu_hu\/#organization"},"potentialAction":[{"@type":"SearchAction","target":{"@type":"EntryPoint","urlTemplate":"https:\/\/avmserviceman.hu\/hu_hu\/?s={search_term_string}"},"query-input":{"@type":"PropertyValueSpecification","valueRequired":true,"valueName":"search_term_string"}}],"inLanguage":"en-GB"},{"@type":"Organization","@id":"https:\/\/avmserviceman.hu\/hu_hu\/#organization","name":"AVM Serviceman Ltd.","url":"https:\/\/avmserviceman.hu\/hu_hu\/","logo":{"@type":"ImageObject","inLanguage":"en-GB","@id":"https:\/\/avmserviceman.hu\/hu_hu\/#\/schema\/logo\/image\/","url":"https:\/\/avmserviceman.hu\/wp-content\/uploads\/2024\/12\/logo.png","contentUrl":"https:\/\/avmserviceman.hu\/wp-content\/uploads\/2024\/12\/logo.png","width":228,"height":115,"caption":"AVM Serviceman Kft."},"image":{"@id":"https:\/\/avmserviceman.hu\/hu_hu\/#\/schema\/logo\/image\/"},"sameAs":["https:\/\/www.facebook.com\/avmserviceman.hu"]}]}},"_links":{"self":[{"href":"https:\/\/avmserviceman.hu\/en\/wp-json\/wp\/v2\/pages\/29","targetHints":{"allow":["GET"]}}],"collection":[{"href":"https:\/\/avmserviceman.hu\/en\/wp-json\/wp\/v2\/pages"}],"about":[{"href":"https:\/\/avmserviceman.hu\/en\/wp-json\/wp\/v2\/types\/page"}],"author":[{"embeddable":true,"href":"https:\/\/avmserviceman.hu\/en\/wp-json\/wp\/v2\/users\/1"}],"replies":[{"embeddable":true,"href":"https:\/\/avmserviceman.hu\/en\/wp-json\/wp\/v2\/comments?post=29"}],"version-history":[{"count":5,"href":"https:\/\/avmserviceman.hu\/en\/wp-json\/wp\/v2\/pages\/29\/revisions"}],"predecessor-version":[{"id":577,"href":"https:\/\/avmserviceman.hu\/en\/wp-json\/wp\/v2\/pages\/29\/revisions\/577"}],"wp:attachment":[{"href":"https:\/\/avmserviceman.hu\/en\/wp-json\/wp\/v2\/media?parent=29"}],"curies":[{"name":"wp","href":"https:\/\/api.w.org\/{rel}","templated":true}]}}