{"id":27,"date":"2024-12-13T02:49:29","date_gmt":"2024-12-13T02:49:29","guid":{"rendered":"https:\/\/avmserviceman.hu\/?page_id=27"},"modified":"2024-12-15T06:54:56","modified_gmt":"2024-12-15T06:54:56","slug":"honlapuzemelteto","status":"publish","type":"page","link":"https:\/\/avmserviceman.hu\/en\/honlapuzemelteto\/","title":{"rendered":"Website operator"},"content":{"rendered":"<div data-elementor-type=\"wp-page\" data-elementor-id=\"27\" class=\"elementor elementor-27\" data-elementor-post-type=\"page\">\n\t\t\t\t<div class=\"elementor-element elementor-element-dd0862c e-flex e-con-boxed e-con e-parent\" data-id=\"dd0862c\" data-element_type=\"container\" data-e-type=\"container\">\n\t\t\t\t\t<div class=\"e-con-inner\">\n\t\t\t\t<div class=\"elementor-element elementor-element-5b75caa elementor-widget elementor-widget-text-editor\" data-id=\"5b75caa\" data-element_type=\"widget\" data-e-type=\"widget\" data-widget_type=\"text-editor.default\">\n\t\t\t\t<div class=\"elementor-widget-container\">\n\t\t\t\t\t\t\t\t\t<p><b>Website operator<\/b><span style=\"font-weight: 400;\">:<\/span><\/p><p><span style=\"font-weight: 400;\">Name: AVM Serviceman Ltd.<\/span><\/p><p><span style=\"font-weight: 400;\">Registered office: 2097 Pilisborosjen\u0151, Patak utca 28<\/span><\/p><p><span style=\"font-weight: 400;\">Tax number: 25848571-2-13<br \/><\/span><\/p><p>Company registration number: 13-09-199972<\/p><p><b>Availability:<\/b><\/p><p><span style=\"font-weight: 400;\">Address for correspondence: HU-1151 Budapest, Bog\u00e1ncs utca 8.<\/span><\/p><p><span style=\"font-weight: 400;\">Email address: office@avmerviceman.hu<\/span><\/p><p><strong>Website maintenance and marketing:<\/strong><\/p><p><a href=\"https:\/\/komp-media-marketing.hu\/\">KOMP Media and Marketing Ltd.<\/a><\/p><p><strong>Server Operations:<\/strong><\/p><p><a href=\"https:\/\/sybell.hu\/\">Sybell.hu<\/a><\/p>\t\t\t\t\t\t\t\t<\/div>\n\t\t\t\t<\/div>\n\t\t\t\t\t<\/div>\n\t\t\t\t<\/div>\n\t\t\t\t<\/div>","protected":false},"excerpt":{"rendered":"<p>Website operator: name: AVM Serviceman Kft. Registered office: 2097 Pilisborosjen\u0151, Patak utca 28 Tax number: 25848571-2-13 Company registration number: 13-09-199972 Contact. KOMP &amp; Marketing Media &amp; Marketing (KOMP &amp; Marketing Media)<\/p>","protected":false},"author":1,"featured_media":0,"parent":0,"menu_order":0,"comment_status":"closed","ping_status":"closed","template":"","meta":{"footnotes":""},"class_list":["post-27","page","type-page","status-publish","hentry"],"yoast_head":"<!-- This site is optimized with the Yoast SEO Premium plugin v27.4 (Yoast SEO v27.4) - https:\/\/yoast.com\/product\/yoast-seo-premium-wordpress\/ -->\n<title>Honlap\u00fczemeltet\u0151 - AVM Serviceman Kft.<\/title>\n<meta name=\"robots\" content=\"index, follow, max-snippet:-1, max-image-preview:large, max-video-preview:-1\" \/>\n<link rel=\"canonical\" href=\"https:\/\/avmserviceman.hu\/en\/honlapuzemelteto\/\" \/>\n<meta property=\"og:locale\" content=\"en_GB\" \/>\n<meta property=\"og:type\" content=\"article\" \/>\n<meta property=\"og:title\" content=\"Honlap\u00fczemeltet\u0151\" \/>\n<meta property=\"og:description\" content=\"Honlap \u00fczemeltet\u0151: N\u00e9v: AVM Serviceman Kft. Sz\u00e9khely: 2097 Pilisborosjen\u0151, Patak utca 28 Ad\u00f3sz\u00e1m: 25848571-2-13 C\u00e9gjegyz\u00e9ksz\u00e1m: 13-09-199972 El\u00e9rhet\u0151s\u00e9g: Levelez\u00e9si c\u00edm: HU-1151 Budapest, Bog\u00e1ncs utca 8. Email c\u00edm: office@avmerviceman.hu Honlapkarbantart\u00e1s \u00e9s \u00e9s marketing: KOMP M\u00e9dia \u00e9s Marketing Kft. Szerver \u00dczemeltet\u00e9s: Sybell.hu\" \/>\n<meta property=\"og:url\" content=\"https:\/\/avmserviceman.hu\/en\/honlapuzemelteto\/\" \/>\n<meta property=\"og:site_name\" content=\"AVM Serviceman Kft.\" \/>\n<meta property=\"article:publisher\" content=\"https:\/\/www.facebook.com\/avmserviceman.hu\" \/>\n<meta property=\"article:modified_time\" content=\"2024-12-15T06:54:56+00:00\" \/>\n<meta name=\"twitter:card\" content=\"summary_large_image\" \/>\n<meta name=\"twitter:label1\" content=\"Estimated reading time\" \/>\n\t<meta name=\"twitter:data1\" content=\"1 minute\" \/>\n<script type=\"application\/ld+json\" class=\"yoast-schema-graph\">{\"@context\":\"https:\\\/\\\/schema.org\",\"@graph\":[{\"@type\":\"WebPage\",\"@id\":\"https:\\\/\\\/avmserviceman.hu\\\/honlapuzemelteto\\\/\",\"url\":\"https:\\\/\\\/avmserviceman.hu\\\/honlapuzemelteto\\\/\",\"name\":\"Honlap\u00fczemeltet\u0151 - AVM Serviceman Kft.\",\"isPartOf\":{\"@id\":\"https:\\\/\\\/avmserviceman.hu\\\/hu_hu\\\/#website\"},\"datePublished\":\"2024-12-13T02:49:29+00:00\",\"dateModified\":\"2024-12-15T06:54:56+00:00\",\"breadcrumb\":{\"@id\":\"https:\\\/\\\/avmserviceman.hu\\\/honlapuzemelteto\\\/#breadcrumb\"},\"inLanguage\":\"en-GB\",\"potentialAction\":[{\"@type\":\"ReadAction\",\"target\":[\"https:\\\/\\\/avmserviceman.hu\\\/honlapuzemelteto\\\/\"]}]},{\"@type\":\"BreadcrumbList\",\"@id\":\"https:\\\/\\\/avmserviceman.hu\\\/honlapuzemelteto\\\/#breadcrumb\",\"itemListElement\":[{\"@type\":\"ListItem\",\"position\":1,\"name\":\"Kezd\u0151lap\",\"item\":\"https:\\\/\\\/avmserviceman.hu\\\/\"},{\"@type\":\"ListItem\",\"position\":2,\"name\":\"Honlap\u00fczemeltet\u0151\"}]},{\"@type\":\"WebSite\",\"@id\":\"https:\\\/\\\/avmserviceman.hu\\\/hu_hu\\\/#website\",\"url\":\"https:\\\/\\\/avmserviceman.hu\\\/hu_hu\\\/\",\"name\":\"AVM Serviceman Kft.\",\"description\":\"\",\"publisher\":{\"@id\":\"https:\\\/\\\/avmserviceman.hu\\\/hu_hu\\\/#organization\"},\"potentialAction\":[{\"@type\":\"SearchAction\",\"target\":{\"@type\":\"EntryPoint\",\"urlTemplate\":\"https:\\\/\\\/avmserviceman.hu\\\/hu_hu\\\/?s={search_term_string}\"},\"query-input\":{\"@type\":\"PropertyValueSpecification\",\"valueRequired\":true,\"valueName\":\"search_term_string\"}}],\"inLanguage\":\"en-GB\"},{\"@type\":\"Organization\",\"@id\":\"https:\\\/\\\/avmserviceman.hu\\\/hu_hu\\\/#organization\",\"name\":\"AVM Serviceman Kft.\",\"url\":\"https:\\\/\\\/avmserviceman.hu\\\/hu_hu\\\/\",\"logo\":{\"@type\":\"ImageObject\",\"inLanguage\":\"en-GB\",\"@id\":\"https:\\\/\\\/avmserviceman.hu\\\/hu_hu\\\/#\\\/schema\\\/logo\\\/image\\\/\",\"url\":\"https:\\\/\\\/avmserviceman.hu\\\/wp-content\\\/uploads\\\/2024\\\/12\\\/logo.png\",\"contentUrl\":\"https:\\\/\\\/avmserviceman.hu\\\/wp-content\\\/uploads\\\/2024\\\/12\\\/logo.png\",\"width\":228,\"height\":115,\"caption\":\"AVM Serviceman Kft.\"},\"image\":{\"@id\":\"https:\\\/\\\/avmserviceman.hu\\\/hu_hu\\\/#\\\/schema\\\/logo\\\/image\\\/\"},\"sameAs\":[\"https:\\\/\\\/www.facebook.com\\\/avmserviceman.hu\"]}]}<\/script>\n<!-- \/ Yoast SEO Premium plugin. -->","yoast_head_json":{"title":"Honlap\u00fczemeltet\u0151 - AVM Serviceman Kft.","robots":{"index":"index","follow":"follow","max-snippet":"max-snippet:-1","max-image-preview":"max-image-preview:large","max-video-preview":"max-video-preview:-1"},"canonical":"https:\/\/avmserviceman.hu\/en\/honlapuzemelteto\/","og_locale":"en_GB","og_type":"article","og_title":"Honlap\u00fczemeltet\u0151","og_description":"Honlap \u00fczemeltet\u0151: N\u00e9v: AVM Serviceman Kft. Sz\u00e9khely: 2097 Pilisborosjen\u0151, Patak utca 28 Ad\u00f3sz\u00e1m: 25848571-2-13 C\u00e9gjegyz\u00e9ksz\u00e1m: 13-09-199972 El\u00e9rhet\u0151s\u00e9g: Levelez\u00e9si c\u00edm: HU-1151 Budapest, Bog\u00e1ncs utca 8. Email c\u00edm: office@avmerviceman.hu Honlapkarbantart\u00e1s \u00e9s \u00e9s marketing: KOMP M\u00e9dia \u00e9s Marketing Kft. Szerver \u00dczemeltet\u00e9s: Sybell.hu","og_url":"https:\/\/avmserviceman.hu\/en\/honlapuzemelteto\/","og_site_name":"AVM Serviceman Kft.","article_publisher":"https:\/\/www.facebook.com\/avmserviceman.hu","article_modified_time":"2024-12-15T06:54:56+00:00","twitter_card":"summary_large_image","twitter_misc":{"Estimated reading time":"1 minute"},"schema":{"@context":"https:\/\/schema.org","@graph":[{"@type":"WebPage","@id":"https:\/\/avmserviceman.hu\/honlapuzemelteto\/","url":"https:\/\/avmserviceman.hu\/honlapuzemelteto\/","name":"Honlap\u00fczemeltet\u0151 - AVM Serviceman Kft.","isPartOf":{"@id":"https:\/\/avmserviceman.hu\/hu_hu\/#website"},"datePublished":"2024-12-13T02:49:29+00:00","dateModified":"2024-12-15T06:54:56+00:00","breadcrumb":{"@id":"https:\/\/avmserviceman.hu\/honlapuzemelteto\/#breadcrumb"},"inLanguage":"en-GB","potentialAction":[{"@type":"ReadAction","target":["https:\/\/avmserviceman.hu\/honlapuzemelteto\/"]}]},{"@type":"BreadcrumbList","@id":"https:\/\/avmserviceman.hu\/honlapuzemelteto\/#breadcrumb","itemListElement":[{"@type":"ListItem","position":1,"name":"Kezd\u0151lap","item":"https:\/\/avmserviceman.hu\/"},{"@type":"ListItem","position":2,"name":"Honlap\u00fczemeltet\u0151"}]},{"@type":"WebSite","@id":"https:\/\/avmserviceman.hu\/hu_hu\/#website","url":"https:\/\/avmserviceman.hu\/hu_hu\/","name":"AVM Serviceman Ltd.","description":"","publisher":{"@id":"https:\/\/avmserviceman.hu\/hu_hu\/#organization"},"potentialAction":[{"@type":"SearchAction","target":{"@type":"EntryPoint","urlTemplate":"https:\/\/avmserviceman.hu\/hu_hu\/?s={search_term_string}"},"query-input":{"@type":"PropertyValueSpecification","valueRequired":true,"valueName":"search_term_string"}}],"inLanguage":"en-GB"},{"@type":"Organization","@id":"https:\/\/avmserviceman.hu\/hu_hu\/#organization","name":"AVM Serviceman Ltd.","url":"https:\/\/avmserviceman.hu\/hu_hu\/","logo":{"@type":"ImageObject","inLanguage":"en-GB","@id":"https:\/\/avmserviceman.hu\/hu_hu\/#\/schema\/logo\/image\/","url":"https:\/\/avmserviceman.hu\/wp-content\/uploads\/2024\/12\/logo.png","contentUrl":"https:\/\/avmserviceman.hu\/wp-content\/uploads\/2024\/12\/logo.png","width":228,"height":115,"caption":"AVM Serviceman Kft."},"image":{"@id":"https:\/\/avmserviceman.hu\/hu_hu\/#\/schema\/logo\/image\/"},"sameAs":["https:\/\/www.facebook.com\/avmserviceman.hu"]}]}},"_links":{"self":[{"href":"https:\/\/avmserviceman.hu\/en\/wp-json\/wp\/v2\/pages\/27","targetHints":{"allow":["GET"]}}],"collection":[{"href":"https:\/\/avmserviceman.hu\/en\/wp-json\/wp\/v2\/pages"}],"about":[{"href":"https:\/\/avmserviceman.hu\/en\/wp-json\/wp\/v2\/types\/page"}],"author":[{"embeddable":true,"href":"https:\/\/avmserviceman.hu\/en\/wp-json\/wp\/v2\/users\/1"}],"replies":[{"embeddable":true,"href":"https:\/\/avmserviceman.hu\/en\/wp-json\/wp\/v2\/comments?post=27"}],"version-history":[{"count":4,"href":"https:\/\/avmserviceman.hu\/en\/wp-json\/wp\/v2\/pages\/27\/revisions"}],"predecessor-version":[{"id":534,"href":"https:\/\/avmserviceman.hu\/en\/wp-json\/wp\/v2\/pages\/27\/revisions\/534"}],"wp:attachment":[{"href":"https:\/\/avmserviceman.hu\/en\/wp-json\/wp\/v2\/media?parent=27"}],"curies":[{"name":"wp","href":"https:\/\/api.w.org\/{rel}","templated":true}]}}